{"id":1609,"date":"2022-08-31T21:59:50","date_gmt":"2022-08-31T19:59:50","guid":{"rendered":"https:\/\/mycautionloyer.ch\/faq\/"},"modified":"2023-07-14T16:30:58","modified_gmt":"2023-07-14T14:30:58","slug":"faq","status":"publish","type":"page","link":"https:\/\/mycautionloyer.ch\/it\/faq\/","title":{"rendered":"FAQ"},"content":{"rendered":"<p>[et_pb_section fb_built=&#8221;1&#8243; custom_padding_last_edited=&#8221;on|phone&#8221; _builder_version=&#8221;4.18.0&#8243; _module_preset=&#8221;default&#8221; use_background_color_gradient=&#8221;on&#8221; background_color_gradient_stops=&#8221;rgba(255,255,255,0.4) 0%|#ffffff 99%&#8221; background_color_gradient_overlays_image=&#8221;on&#8221; background_image=&#8221;https:\/\/mycautionloyer.ch\/wp-content\/uploads\/2022\/09\/caution-loyer-suisse-pas-cher.jpg&#8221; custom_margin=&#8221;||||false|false&#8221; custom_padding=&#8221;6em||6em||true|false&#8221; custom_padding_tablet=&#8221;4em||4em||true|false&#8221; custom_padding_phone=&#8221;2em||2em||true|false&#8221; hover_enabled=&#8221;0&#8243; background_last_edited=&#8221;on|phone&#8221; use_background_color_gradient_tablet=&#8221;on&#8221; use_background_color_gradient_phone=&#8221;on&#8221; background_color_gradient_stops_tablet=&#8221;rgba(255,255,255,0.66) 0%|#ffffff 99%&#8221; background_color_gradient_stops_phone=&#8221;rgba(255,255,255,0.7) 0%|#ffffff 99%&#8221; background_position_phone=&#8221;center&#8221; locked=&#8221;off&#8221; global_colors_info=&#8221;{}&#8221; sticky_enabled=&#8221;0&#8243;][et_pb_row _builder_version=&#8221;4.18.0&#8243; _module_preset=&#8221;default&#8221; custom_padding=&#8221;0px||0px||true|false&#8221; global_colors_info=&#8221;{}&#8221;][et_pb_column type=&#8221;4_4&#8243; _builder_version=&#8221;4.18.0&#8243; _module_preset=&#8221;default&#8221; global_colors_info=&#8221;{}&#8221;][et_pb_text _builder_version=&#8221;4.18.0&#8243; _module_preset=&#8221;default&#8221; header_text_align=&#8221;center&#8221; custom_margin=&#8221;||||false|false&#8221; header_text_color_tablet=&#8221;&#8221; header_text_color_phone=&#8221;&#8221; header_text_color_last_edited=&#8221;on|phone&#8221; header_font_size_tablet=&#8221;&#8221; header_font_size_phone=&#8221;1.6em&#8221; header_font_size_last_edited=&#8221;on|phone&#8221; global_colors_info=&#8221;{}&#8221;]<\/p>\n<h1>Domande sulla garanzia di noleggio?  <\/h1>\n<p>[\/et_pb_text][\/et_pb_column][\/et_pb_row][\/et_pb_section][et_pb_section fb_built=&#8221;1&#8243; _builder_version=&#8221;4.18.0&#8243; _module_preset=&#8221;default&#8221; hover_enabled=&#8221;0&#8243; global_colors_info=&#8221;{}&#8221; custom_margin=&#8221;||||false|false&#8221; custom_padding=&#8221;2em||||false|false&#8221; sticky_enabled=&#8221;0&#8243;][et_pb_row _builder_version=&#8221;4.18.0&#8243; _module_preset=&#8221;default&#8221; global_colors_info=&#8221;{}&#8221;][et_pb_column type=&#8221;4_4&#8243; _builder_version=&#8221;4.18.0&#8243; _module_preset=&#8221;default&#8221; global_colors_info=&#8221;{}&#8221;][et_pb_accordion _builder_version=&#8221;4.18.0&#8243; _module_preset=&#8221;default&#8221; hover_enabled=&#8221;0&#8243; global_colors_info=&#8221;{%22gcid-66f71ed0-cbba-4186-a575-fc27dba07463%22:%91%22icon_color%22,%22open_toggle_text_color%22,%22closed_toggle_text_color%22%93}&#8221; sticky_enabled=&#8221;0&#8243;][et_pb_accordion_item title=&#8221;Qual \u00e8 la differenza tra una garanzia di affitto e un deposito bancario?&#8221; _builder_version=&#8221;4.18.0&#8243; _module_preset=&#8221;default&#8221; global_colors_info=&#8221;{}&#8221; open=&#8221;on&#8221;]<\/p>\n<p>La sottoscrizione di un&#8217;assicurazione per la garanzia dell&#8217;affitto offre al locatore\/agenzia la stessa sicurezza senza dover bloccare il denaro su un conto bancario.<\/p>\n<p>Le formalit\u00e0 di rilascio sono pi\u00f9 semplici. In caso di sinistro, la compagnia assicurativa pagher\u00e0 l&#8217;amministrazione\/il locatore non appena ricever\u00e0 i documenti giustificativi necessari.<\/p>\n<p>[\/et_pb_accordion_item][et_pb_accordion_item title=&#8221;Il locatore o la societ\u00e0 di gestione sono obbligati ad accettare la copertura assicurativa?&#8221; open=&#8221;off&#8221; _builder_version=&#8221;4.18.0&#8243; _module_preset=&#8221;default&#8221; hover_enabled=&#8221;0&#8243; global_colors_info=&#8221;{}&#8221; sticky_enabled=&#8221;0&#8243;]<\/p>\n<p>No.<\/p>\n<p>Tuttavia, le aziende proposte collaborano con alcune delle pi\u00f9 grandi agenzie pubblicitarie di tutta la Svizzera.<\/p>\n<p>Per un gestore\/locatore, una garanzia assicurativa \u00e8 affidabile quanto un deposito bancario.<\/p>\n<p>[\/et_pb_accordion_item][et_pb_accordion_item title=&#8221;Sono gi\u00e0 un inquilino e ho bloccato 3 mesi di affitto su un conto bancario. Posso riaverlo?&#8221; _builder_version=&#8221;4.18.0&#8243; _module_preset=&#8221;default&#8221; global_colors_info=&#8221;{}&#8221; open=&#8221;off&#8221;]<\/p>\n<p>Certo che lo \u00e8. Tutto ci\u00f2 che dovete fare \u00e8 richiedere una garanzia di noleggio.<\/p>\n<p>Rilasceremo il certificato di garanzia e lo inoltreremo all&#8217;amministratore\/locatore, che rilascer\u00e0 il deposito bancario. Il vostro denaro vi sar\u00e0 restituito.<\/p>\n<p>[\/et_pb_accordion_item][et_pb_accordion_item title=&#8221;Posso annullare il mio contratto di assicurazione per la garanzia di noleggio?&#8221; _builder_version=&#8221;4.18.0&#8243; _module_preset=&#8221;default&#8221; global_colors_info=&#8221;{}&#8221; open=&#8221;off&#8221;]<\/p>\n<p>La cancellazione \u00e8 possibile in qualsiasi momento.<\/p>\n<p>\u00c8 sufficiente chiedere alla societ\u00e0 di gestione dell&#8217;immobile\/al locatore di restituire il certificato di garanzia originale.<\/p>\n<p>Attenzione: alcune societ\u00e0 applicano commissioni.<\/p>\n<p>[\/et_pb_accordion_item][et_pb_accordion_item title=&#8221;Se mi trasferisco durante l&#8217;anno, devo pagare un premio per un anno intero?&#8221; _builder_version=&#8221;4.18.0&#8243; _module_preset=&#8221;default&#8221; global_colors_info=&#8221;{}&#8221; open=&#8221;off&#8221;]No, il premio \u00e8 calcolato su base proporzionale dall&#8217;inizio del contratto di locazione alla fine del contratto stesso.<\/p>\n<p>Nell&#8217;ultimo anno, se si lascia l&#8217;incarico durante l&#8217;anno, verr\u00e0 rimborsata la differenza.[\/et_pb_accordion_item][et_pb_accordion_item title=&#8221;Il premio che pago sar\u00e0 utilizzato per pagare la garanzia di affitto?&#8221; _builder_version=&#8221;4.18.0&#8243; _module_preset=&#8221;default&#8221; global_colors_info=&#8221;{}&#8221; open=&#8221;off&#8221;]<\/p>\n<p>No.<\/p>\n<p>Il premio copre eventuali danni alla casa o eventuali arretrati di affitto fino a un certo importo per tutta la durata del contratto.<\/p>\n<p>[\/et_pb_accordion_item][\/et_pb_accordion][\/et_pb_column][\/et_pb_row][\/et_pb_section][et_pb_section fb_built=&#8221;1&#8243; _builder_version=&#8221;4.18.0&#8243; _module_preset=&#8221;default&#8221; global_colors_info=&#8221;{}&#8221; global_module=&#8221;285&#8243; theme_builder_area=&#8221;post_content&#8221;][et_pb_row column_structure=&#8221;1_4,3_4&#8243; _builder_version=&#8221;4.18.0&#8243; _module_preset=&#8221;default&#8221; global_colors_info=&#8221;{}&#8221; theme_builder_area=&#8221;post_content&#8221;][et_pb_column type=&#8221;1_4&#8243; _builder_version=&#8221;4.18.0&#8243; _module_preset=&#8221;default&#8221; global_colors_info=&#8221;{}&#8221; theme_builder_area=&#8221;post_content&#8221;][et_pb_image src=&#8221;https:\/\/mycautionloyer.ch\/wp-content\/uploads\/2023\/07\/logo-my-caution-loyer-carre-it.png&#8221; title_text=&#8221;logo-mia-cauzione-datore di lavoro-carre&#8221; _builder_version=&#8221;4.18.0&#8243; _module_preset=&#8221;default&#8221; width_tablet=&#8221;150px&#8221; width_phone=&#8221;150px&#8221; width_last_edited=&#8221;on|tablet&#8221; module_alignment_tablet=&#8221;center&#8221; module_alignment_phone=&#8221;center&#8221; module_alignment_last_edited=&#8221;on|tablet&#8221; global_colors_info=&#8221;{}&#8221; theme_builder_area=&#8221;post_content&#8221;][\/et_pb_image][\/et_pb_column][et_pb_column type=&#8221;3_4&#8243; _builder_version=&#8221;4.18.0&#8243; _module_preset=&#8221;default&#8221; global_colors_info=&#8221;{}&#8221; theme_builder_area=&#8221;post_content&#8221;][et_pb_text _builder_version=&#8221;4.18.0&#8243; _module_preset=&#8221;default&#8221; global_colors_info=&#8221;{}&#8221; theme_builder_area=&#8221;post_content&#8221;]<\/p>\n<h2>Il vostro partner per le garanzie di affitto<\/h2>\n<p>[\/et_pb_text][et_pb_text _builder_version=&#8221;4.18.0&#8243; _module_preset=&#8221;default&#8221; global_colors_info=&#8221;{}&#8221; theme_builder_area=&#8221;post_content&#8221;]<\/p>\n<p>Dal 2018, abbiamo aiutato migliaia di concittadini \ud83c\udde8\ud83c\udded offrendo loro sempre <strong>le migliori offerte sul mercato<\/strong> per la garanzia di affitto.<\/p>\n<p>Oggi \u00e8 il <strong>vostro turno<\/strong> di avere bisogno dei nostri servizi e non vediamo l&#8217;ora di portare a termine la nostra missione.<\/p>\n<p>Con sede in Svizzera, lavoriamo in totale trasparenza e <strong>la vostra soddisfazione \u00e8 la nostra pi\u00f9 grande ricompensa<\/strong>.<\/p>\n<p>[\/et_pb_text][\/et_pb_column][\/et_pb_row][\/et_pb_section][et_pb_section fb_built=&#8221;1&#8243; _builder_version=&#8221;4.18.0&#8243; _module_preset=&#8221;default&#8221; use_background_color_gradient=&#8221;on&#8221; background_color_gradient_stops=&#8221;rgba(255,255,255,0.4) 0%|rgba(255,255,255,0.7) 99%&#8221; background_color_gradient_overlays_image=&#8221;on&#8221; background_image=&#8221;https:\/\/mycautionloyer.ch\/wp-content\/uploads\/2022\/09\/garantie-loyer-conseil-personnalise.jpg&#8221; background_position=&#8221;top_center&#8221; global_colors_info=&#8221;{}&#8221; global_module=&#8221;287&#8243; theme_builder_area=&#8221;post_content&#8221;][et_pb_row column_structure=&#8221;3_4,1_4&#8243; _builder_version=&#8221;4.18.0&#8243; _module_preset=&#8221;default&#8221; global_colors_info=&#8221;{}&#8221; theme_builder_area=&#8221;post_content&#8221;][et_pb_column type=&#8221;3_4&#8243; _builder_version=&#8221;4.18.0&#8243; _module_preset=&#8221;default&#8221; global_colors_info=&#8221;{}&#8221; theme_builder_area=&#8221;post_content&#8221;][et_pb_text _builder_version=&#8221;4.18.0&#8243; _module_preset=&#8221;default&#8221; global_colors_info=&#8221;{}&#8221; theme_builder_area=&#8221;post_content&#8221;]<\/p>\n<h2>Avete bisogno di una consulenza personalizzata?<\/h2>\n<p>[\/et_pb_text][et_pb_text _builder_version=&#8221;4.18.0&#8243; _module_preset=&#8221;default&#8221; global_colors_info=&#8221;{}&#8221; theme_builder_area=&#8221;post_content&#8221;]<\/p>\n<p>Vi trovate in una situazione particolare e avete <strong>bisogno di chiarimenti<\/strong> prima di stipulare una garanzia di affitto?<\/p>\n<p>Avete domande sulla procedura di richiesta o su come funziona una garanzia di affitto?<\/p>\n<p>Il nostro team \u00e8 pronto a <strong>rispondere a qualsiasi domanda<\/strong> sulla garanzia di noleggio.<\/p>\n<p>[\/et_pb_text][\/et_pb_column][et_pb_column type=&#8221;1_4&#8243; _builder_version=&#8221;4.18.0&#8243; _module_preset=&#8221;default&#8221; global_colors_info=&#8221;{}&#8221; theme_builder_area=&#8221;post_content&#8221;][et_pb_button button_url=&#8221;@ET-DC@eyJkeW5hbWljIjp0cnVlLCJjb250ZW50IjoicG9zdF9saW5rX3VybF9wYWdlIiwic2V0dGluZ3MiOnsicG9zdF9pZCI6IjI4In19@&#8221; button_text=&#8221;Contattateci all&#8217;indirizzo&#8221; _builder_version=&#8221;4.18.0&#8243; _dynamic_attributes=&#8221;button_url&#8221; _module_preset=&#8221;default&#8221; global_colors_info=&#8221;{}&#8221; theme_builder_area=&#8221;post_content&#8221;][\/et_pb_button][et_pb_button button_url=&#8221;tel:+41225753797&#8243; button_text=&#8221;Chiamateci al numero&#8221; _builder_version=&#8221;4.18.0&#8243; _module_preset=&#8221;default&#8221; global_colors_info=&#8221;{}&#8221; theme_builder_area=&#8221;post_content&#8221;][\/et_pb_button][\/et_pb_column][\/et_pb_row][\/et_pb_section]<\/p>\n","protected":false},"excerpt":{"rendered":"<p>Domande sulla garanzia di noleggio? La sottoscrizione di un&#8217;assicurazione per la garanzia dell&#8217;affitto offre al locatore\/agenzia la stessa sicurezza senza dover bloccare il denaro su un conto bancario. Le formalit\u00e0 di rilascio sono pi\u00f9 semplici. In caso di sinistro, la compagnia assicurativa pagher\u00e0 l&#8217;amministrazione\/il locatore non appena ricever\u00e0 i documenti giustificativi necessari.No. Tuttavia, le aziende [&hellip;]<\/p>\n","protected":false},"author":1,"featured_media":0,"parent":0,"menu_order":0,"comment_status":"closed","ping_status":"closed","template":"","meta":{"_et_pb_use_builder":"on","_et_pb_old_content":"","_et_gb_content_width":"","footnotes":""},"class_list":["post-1609","page","type-page","status-publish","hentry"],"yoast_head":"<!-- This site is optimized with the Yoast SEO plugin v27.3 - https:\/\/yoast.com\/product\/yoast-seo-wordpress\/ -->\n<title>Domande sulle garanzie di affitto in Svizzera?<\/title>\n<meta name=\"description\" content=\"Qual \u00e8 la differenza tra una garanzia di affitto e un deposito bancario? Obbligo di accettare una garanzia? Scoprite le risposte alle vostre domande.\" \/>\n<meta name=\"robots\" content=\"index, follow, max-snippet:-1, max-image-preview:large, max-video-preview:-1\" \/>\n<link rel=\"canonical\" href=\"https:\/\/mycautionloyer.ch\/it\/faq\/\" \/>\n<meta property=\"og:locale\" content=\"it_IT\" \/>\n<meta property=\"og:type\" content=\"article\" \/>\n<meta property=\"og:title\" content=\"Domande sulle garanzie di affitto in Svizzera?\" \/>\n<meta property=\"og:description\" content=\"Qual \u00e8 la differenza tra una garanzia di affitto e un deposito bancario? Obbligo di accettare una garanzia? Scoprite le risposte alle vostre domande.\" \/>\n<meta property=\"og:url\" content=\"https:\/\/mycautionloyer.ch\/it\/faq\/\" \/>\n<meta property=\"og:site_name\" content=\"Calcul de garantie de loyer\" \/>\n<meta property=\"article:modified_time\" content=\"2023-07-14T14:30:58+00:00\" \/>\n<meta name=\"twitter:card\" content=\"summary_large_image\" \/>\n<meta name=\"twitter:label1\" content=\"Tempo di lettura stimato\" \/>\n\t<meta name=\"twitter:data1\" content=\"6 minuti\" \/>\n<script type=\"application\/ld+json\" class=\"yoast-schema-graph\">{\"@context\":\"https:\\\/\\\/schema.org\",\"@graph\":[{\"@type\":\"WebPage\",\"@id\":\"https:\\\/\\\/mycautionloyer.ch\\\/it\\\/faq\\\/\",\"url\":\"https:\\\/\\\/mycautionloyer.ch\\\/it\\\/faq\\\/\",\"name\":\"Domande sulle garanzie di affitto in Svizzera?\",\"isPartOf\":{\"@id\":\"https:\\\/\\\/mycautionloyer.ch\\\/it\\\/#website\"},\"datePublished\":\"2022-08-31T19:59:50+00:00\",\"dateModified\":\"2023-07-14T14:30:58+00:00\",\"description\":\"Qual \u00e8 la differenza tra una garanzia di affitto e un deposito bancario? Obbligo di accettare una garanzia? Scoprite le risposte alle vostre domande.\",\"breadcrumb\":{\"@id\":\"https:\\\/\\\/mycautionloyer.ch\\\/it\\\/faq\\\/#breadcrumb\"},\"inLanguage\":\"it-IT\",\"potentialAction\":[{\"@type\":\"ReadAction\",\"target\":[\"https:\\\/\\\/mycautionloyer.ch\\\/it\\\/faq\\\/\"]}]},{\"@type\":\"BreadcrumbList\",\"@id\":\"https:\\\/\\\/mycautionloyer.ch\\\/it\\\/faq\\\/#breadcrumb\",\"itemListElement\":[{\"@type\":\"ListItem\",\"position\":1,\"name\":\"Accueil\",\"item\":\"https:\\\/\\\/mycautionloyer.ch\\\/it\\\/casa\\\/\"},{\"@type\":\"ListItem\",\"position\":2,\"name\":\"FAQ\"}]},{\"@type\":\"WebSite\",\"@id\":\"https:\\\/\\\/mycautionloyer.ch\\\/it\\\/#website\",\"url\":\"https:\\\/\\\/mycautionloyer.ch\\\/it\\\/\",\"name\":\"Calcul de garantie de loyer\",\"description\":\"\",\"publisher\":{\"@id\":\"https:\\\/\\\/mycautionloyer.ch\\\/it\\\/#organization\"},\"potentialAction\":[{\"@type\":\"SearchAction\",\"target\":{\"@type\":\"EntryPoint\",\"urlTemplate\":\"https:\\\/\\\/mycautionloyer.ch\\\/it\\\/?s={search_term_string}\"},\"query-input\":{\"@type\":\"PropertyValueSpecification\",\"valueRequired\":true,\"valueName\":\"search_term_string\"}}],\"inLanguage\":\"it-IT\"},{\"@type\":\"Organization\",\"@id\":\"https:\\\/\\\/mycautionloyer.ch\\\/it\\\/#organization\",\"name\":\"My Caution Loyer\",\"url\":\"https:\\\/\\\/mycautionloyer.ch\\\/it\\\/\",\"logo\":{\"@type\":\"ImageObject\",\"inLanguage\":\"it-IT\",\"@id\":\"https:\\\/\\\/mycautionloyer.ch\\\/it\\\/#\\\/schema\\\/logo\\\/image\\\/\",\"url\":\"https:\\\/\\\/mycautionloyer.ch\\\/wp-content\\\/uploads\\\/2022\\\/09\\\/logo-my-caution-loyer-carre.png\",\"contentUrl\":\"https:\\\/\\\/mycautionloyer.ch\\\/wp-content\\\/uploads\\\/2022\\\/09\\\/logo-my-caution-loyer-carre.png\",\"width\":836,\"height\":836,\"caption\":\"My Caution Loyer\"},\"image\":{\"@id\":\"https:\\\/\\\/mycautionloyer.ch\\\/it\\\/#\\\/schema\\\/logo\\\/image\\\/\"}}]}<\/script>\n<!-- \/ Yoast SEO plugin. -->","yoast_head_json":{"title":"Domande sulle garanzie di affitto in Svizzera?","description":"Qual \u00e8 la differenza tra una garanzia di affitto e un deposito bancario? Obbligo di accettare una garanzia? Scoprite le risposte alle vostre domande.","robots":{"index":"index","follow":"follow","max-snippet":"max-snippet:-1","max-image-preview":"max-image-preview:large","max-video-preview":"max-video-preview:-1"},"canonical":"https:\/\/mycautionloyer.ch\/it\/faq\/","og_locale":"it_IT","og_type":"article","og_title":"Domande sulle garanzie di affitto in Svizzera?","og_description":"Qual \u00e8 la differenza tra una garanzia di affitto e un deposito bancario? Obbligo di accettare una garanzia? Scoprite le risposte alle vostre domande.","og_url":"https:\/\/mycautionloyer.ch\/it\/faq\/","og_site_name":"Calcul de garantie de loyer","article_modified_time":"2023-07-14T14:30:58+00:00","twitter_card":"summary_large_image","twitter_misc":{"Tempo di lettura stimato":"6 minuti"},"schema":{"@context":"https:\/\/schema.org","@graph":[{"@type":"WebPage","@id":"https:\/\/mycautionloyer.ch\/it\/faq\/","url":"https:\/\/mycautionloyer.ch\/it\/faq\/","name":"Domande sulle garanzie di affitto in Svizzera?","isPartOf":{"@id":"https:\/\/mycautionloyer.ch\/it\/#website"},"datePublished":"2022-08-31T19:59:50+00:00","dateModified":"2023-07-14T14:30:58+00:00","description":"Qual \u00e8 la differenza tra una garanzia di affitto e un deposito bancario? Obbligo di accettare una garanzia? Scoprite le risposte alle vostre domande.","breadcrumb":{"@id":"https:\/\/mycautionloyer.ch\/it\/faq\/#breadcrumb"},"inLanguage":"it-IT","potentialAction":[{"@type":"ReadAction","target":["https:\/\/mycautionloyer.ch\/it\/faq\/"]}]},{"@type":"BreadcrumbList","@id":"https:\/\/mycautionloyer.ch\/it\/faq\/#breadcrumb","itemListElement":[{"@type":"ListItem","position":1,"name":"Accueil","item":"https:\/\/mycautionloyer.ch\/it\/casa\/"},{"@type":"ListItem","position":2,"name":"FAQ"}]},{"@type":"WebSite","@id":"https:\/\/mycautionloyer.ch\/it\/#website","url":"https:\/\/mycautionloyer.ch\/it\/","name":"Calcul de garantie de loyer","description":"","publisher":{"@id":"https:\/\/mycautionloyer.ch\/it\/#organization"},"potentialAction":[{"@type":"SearchAction","target":{"@type":"EntryPoint","urlTemplate":"https:\/\/mycautionloyer.ch\/it\/?s={search_term_string}"},"query-input":{"@type":"PropertyValueSpecification","valueRequired":true,"valueName":"search_term_string"}}],"inLanguage":"it-IT"},{"@type":"Organization","@id":"https:\/\/mycautionloyer.ch\/it\/#organization","name":"My Caution Loyer","url":"https:\/\/mycautionloyer.ch\/it\/","logo":{"@type":"ImageObject","inLanguage":"it-IT","@id":"https:\/\/mycautionloyer.ch\/it\/#\/schema\/logo\/image\/","url":"https:\/\/mycautionloyer.ch\/wp-content\/uploads\/2022\/09\/logo-my-caution-loyer-carre.png","contentUrl":"https:\/\/mycautionloyer.ch\/wp-content\/uploads\/2022\/09\/logo-my-caution-loyer-carre.png","width":836,"height":836,"caption":"My Caution Loyer"},"image":{"@id":"https:\/\/mycautionloyer.ch\/it\/#\/schema\/logo\/image\/"}}]}},"_links":{"self":[{"href":"https:\/\/mycautionloyer.ch\/it\/wp-json\/wp\/v2\/pages\/1609","targetHints":{"allow":["GET"]}}],"collection":[{"href":"https:\/\/mycautionloyer.ch\/it\/wp-json\/wp\/v2\/pages"}],"about":[{"href":"https:\/\/mycautionloyer.ch\/it\/wp-json\/wp\/v2\/types\/page"}],"author":[{"embeddable":true,"href":"https:\/\/mycautionloyer.ch\/it\/wp-json\/wp\/v2\/users\/1"}],"replies":[{"embeddable":true,"href":"https:\/\/mycautionloyer.ch\/it\/wp-json\/wp\/v2\/comments?post=1609"}],"version-history":[{"count":9,"href":"https:\/\/mycautionloyer.ch\/it\/wp-json\/wp\/v2\/pages\/1609\/revisions"}],"predecessor-version":[{"id":2222,"href":"https:\/\/mycautionloyer.ch\/it\/wp-json\/wp\/v2\/pages\/1609\/revisions\/2222"}],"wp:attachment":[{"href":"https:\/\/mycautionloyer.ch\/it\/wp-json\/wp\/v2\/media?parent=1609"}],"curies":[{"name":"wp","href":"https:\/\/api.w.org\/{rel}","templated":true}]}}