{"id":1590,"date":"2022-09-05T17:42:17","date_gmt":"2022-09-05T15:42:17","guid":{"rendered":"https:\/\/mycautionloyer.ch\/registrazione-della-societa-completata\/"},"modified":"2023-07-17T10:15:59","modified_gmt":"2023-07-17T08:15:59","slug":"registrazione-della-societa-completata","status":"publish","type":"page","link":"https:\/\/mycautionloyer.ch\/it\/cauzione-affitto\/registrazione-della-societa\/registrazione-della-societa-completata\/","title":{"rendered":"Registrazione della societ\u00e0 completata"},"content":{"rendered":"<p>[et_pb_section fb_built=&#8221;1&#8243; custom_padding_last_edited=&#8221;on|phone&#8221; _builder_version=&#8221;4.18.0&#8243; _module_preset=&#8221;default&#8221; use_background_color_gradient=&#8221;on&#8221; background_color_gradient_stops=&#8221;rgba(255,255,255,0.4) 0%|#ffffff 99%&#8221; background_color_gradient_overlays_image=&#8221;on&#8221; background_image=&#8221;https:\/\/mycautionloyer.ch\/wp-content\/uploads\/2022\/09\/caution-loyer-entreprise-suisse.jpg&#8221; background_position=&#8221;top_center&#8221; background_vertical_offset=&#8221;20%&#8221; custom_margin=&#8221;||||false|false&#8221; custom_padding=&#8221;4em||4em||true|false&#8221; custom_padding_tablet=&#8221;2em||2em||true|false&#8221; custom_padding_phone=&#8221;2em||2em||true|false&#8221; background_last_edited=&#8221;on|phone&#8221; use_background_color_gradient_tablet=&#8221;on&#8221; use_background_color_gradient_phone=&#8221;on&#8221; background_color_gradient_stops_tablet=&#8221;rgba(255,255,255,0.66) 0%|#ffffff 99%&#8221; background_color_gradient_stops_phone=&#8221;rgba(255,255,255,0.7) 0%|#ffffff 99%&#8221; background_position_phone=&#8221;center&#8221; locked=&#8221;off&#8221; global_colors_info=&#8221;{}&#8221;][et_pb_row _builder_version=&#8221;4.18.0&#8243; _module_preset=&#8221;default&#8221; custom_padding=&#8221;0px||0px||true|false&#8221; global_colors_info=&#8221;{}&#8221;][et_pb_column type=&#8221;4_4&#8243; _builder_version=&#8221;4.18.0&#8243; _module_preset=&#8221;default&#8221; global_colors_info=&#8221;{}&#8221;][et_pb_text _builder_version=&#8221;4.18.0&#8243; _module_preset=&#8221;default&#8221; header_text_align=&#8221;center&#8221; custom_margin=&#8221;||||false|false&#8221; header_text_color_tablet=&#8221;&#8221; header_text_color_phone=&#8221;&#8221; header_text_color_last_edited=&#8221;on|phone&#8221; header_font_size_tablet=&#8221;&#8221; header_font_size_phone=&#8221;1.6em&#8221; header_font_size_last_edited=&#8221;on|phone&#8221; global_colors_info=&#8221;{}&#8221;]<\/p>\n<h1>La registrazione \u00e8 completa<\/h1>\n<p>[\/et_pb_text][\/et_pb_column][\/et_pb_row][\/et_pb_section][et_pb_section fb_built=&#8221;1&#8243; custom_padding_last_edited=&#8221;on|phone&#8221; _builder_version=&#8221;4.18.0&#8243; _module_preset=&#8221;default&#8221; custom_padding=&#8221;1em||||false|false&#8221; custom_padding_tablet=&#8221;1em||||false|false&#8221; custom_padding_phone=&#8221;1em||||false|false&#8221; global_colors_info=&#8221;{}&#8221;][et_pb_row _builder_version=&#8221;4.18.0&#8243; _module_preset=&#8221;default&#8221; width=&#8221;40%&#8221; width_tablet=&#8221;80%&#8221; width_phone=&#8221;80%&#8221; width_last_edited=&#8221;on|phone&#8221; global_colors_info=&#8221;{}&#8221;][et_pb_column type=&#8221;4_4&#8243; _builder_version=&#8221;4.18.0&#8243; _module_preset=&#8221;default&#8221; global_colors_info=&#8221;{}&#8221;][et_pb_text _builder_version=&#8221;4.18.0&#8243; _module_preset=&#8221;default&#8221; background_color=&#8221;rgba(46,255,28,0.18)&#8221; custom_padding=&#8221;15px|15px|15px|15px|true|true&#8221; border_width_all=&#8221;1px&#8221; border_color_all=&#8221;#7CDA24&#8243; global_colors_info=&#8221;{}&#8221;]<\/p>\n<p>Abbiamo ricevuto il suo modulo di candidatura e la ringraziamo per averlo inviato.<\/p>\n<p><strong>Vi contatteremo al pi\u00f9 presto con i dettagli della vostra offerta.<\/strong><\/p>\n<p>[\/et_pb_text][et_pb_image src=&#8221;https:\/\/mycautionloyer.ch\/wp-content\/uploads\/2022\/09\/inscription-garantie-loyer-entreprise-terminee.jpg&#8221; title_text=&#8221;iscrizione-azienda-terminale-garanzia&#8221; _builder_version=&#8221;4.18.0&#8243; _module_preset=&#8221;default&#8221; global_colors_info=&#8221;{}&#8221;][\/et_pb_image][et_pb_button button_url=&#8221;@ET-DC@eyJkeW5hbWljIjp0cnVlLCJjb250ZW50IjoicG9zdF9saW5rX3VybF9wYWdlIiwic2V0dGluZ3MiOnsicG9zdF9pZCI6IjQxIn19@&#8221; button_text=&#8221;Torna alla pagina iniziale&#8221; _builder_version=&#8221;4.21.0&#8243; _module_preset=&#8221;default&#8221; custom_margin=&#8221;3em||||false|false&#8221; hover_enabled=&#8221;0&#8243; global_colors_info=&#8221;{}&#8221; _dynamic_attributes=&#8221;button_url&#8221; sticky_enabled=&#8221;0&#8243;][\/et_pb_button][\/et_pb_column][\/et_pb_row][\/et_pb_section]<\/p>\n","protected":false},"excerpt":{"rendered":"<p>La registrazione \u00e8 completaAbbiamo ricevuto il suo modulo di candidatura e la ringraziamo per averlo inviato. Vi contatteremo al pi\u00f9 presto con i dettagli della vostra offerta.<\/p>\n","protected":false},"author":1,"featured_media":0,"parent":1617,"menu_order":0,"comment_status":"closed","ping_status":"closed","template":"","meta":{"_et_pb_use_builder":"on","_et_pb_old_content":"","_et_gb_content_width":"","footnotes":""},"class_list":["post-1590","page","type-page","status-publish","hentry"],"yoast_head":"<!-- This site is optimized with the Yoast SEO plugin v27.3 - https:\/\/yoast.com\/product\/yoast-seo-wordpress\/ -->\n<title>Registrazione della societ\u00e0 completata - Calcul de garantie de loyer<\/title>\n<meta name=\"robots\" content=\"index, follow, max-snippet:-1, max-image-preview:large, max-video-preview:-1\" \/>\n<link rel=\"canonical\" href=\"https:\/\/mycautionloyer.ch\/it\/cauzione-affitto\/registrazione-della-societa\/registrazione-della-societa-completata\/\" \/>\n<meta property=\"og:locale\" content=\"it_IT\" \/>\n<meta property=\"og:type\" content=\"article\" \/>\n<meta property=\"og:title\" content=\"Registrazione della societ\u00e0 completata - Calcul de garantie de loyer\" \/>\n<meta property=\"og:description\" content=\"La registrazione \u00e8 completaAbbiamo ricevuto il suo modulo di candidatura e la ringraziamo per averlo inviato. Vi contatteremo al pi\u00f9 presto con i dettagli della vostra offerta.\" \/>\n<meta property=\"og:url\" content=\"https:\/\/mycautionloyer.ch\/it\/cauzione-affitto\/registrazione-della-societa\/registrazione-della-societa-completata\/\" \/>\n<meta property=\"og:site_name\" content=\"Calcul de garantie de loyer\" \/>\n<meta property=\"article:modified_time\" content=\"2023-07-17T08:15:59+00:00\" \/>\n<meta name=\"twitter:card\" content=\"summary_large_image\" \/>\n<meta name=\"twitter:label1\" content=\"Tempo di lettura stimato\" \/>\n\t<meta name=\"twitter:data1\" content=\"2 minuti\" \/>\n<script type=\"application\/ld+json\" class=\"yoast-schema-graph\">{\"@context\":\"https:\\\/\\\/schema.org\",\"@graph\":[{\"@type\":\"WebPage\",\"@id\":\"https:\\\/\\\/mycautionloyer.ch\\\/it\\\/cauzione-affitto\\\/registrazione-della-societa\\\/registrazione-della-societa-completata\\\/\",\"url\":\"https:\\\/\\\/mycautionloyer.ch\\\/it\\\/cauzione-affitto\\\/registrazione-della-societa\\\/registrazione-della-societa-completata\\\/\",\"name\":\"Registrazione della societ\u00e0 completata - Calcul de garantie de loyer\",\"isPartOf\":{\"@id\":\"https:\\\/\\\/mycautionloyer.ch\\\/it\\\/#website\"},\"datePublished\":\"2022-09-05T15:42:17+00:00\",\"dateModified\":\"2023-07-17T08:15:59+00:00\",\"breadcrumb\":{\"@id\":\"https:\\\/\\\/mycautionloyer.ch\\\/it\\\/cauzione-affitto\\\/registrazione-della-societa\\\/registrazione-della-societa-completata\\\/#breadcrumb\"},\"inLanguage\":\"it-IT\",\"potentialAction\":[{\"@type\":\"ReadAction\",\"target\":[\"https:\\\/\\\/mycautionloyer.ch\\\/it\\\/cauzione-affitto\\\/registrazione-della-societa\\\/registrazione-della-societa-completata\\\/\"]}]},{\"@type\":\"BreadcrumbList\",\"@id\":\"https:\\\/\\\/mycautionloyer.ch\\\/it\\\/cauzione-affitto\\\/registrazione-della-societa\\\/registrazione-della-societa-completata\\\/#breadcrumb\",\"itemListElement\":[{\"@type\":\"ListItem\",\"position\":1,\"name\":\"Accueil\",\"item\":\"https:\\\/\\\/mycautionloyer.ch\\\/it\\\/casa\\\/\"},{\"@type\":\"ListItem\",\"position\":2,\"name\":\"Cauzione d&rsquo;affitto\",\"item\":\"https:\\\/\\\/mycautionloyer.ch\\\/it\\\/cauzione-affitto\\\/\"},{\"@type\":\"ListItem\",\"position\":3,\"name\":\"Registrazione della societ\u00e0\",\"item\":\"https:\\\/\\\/mycautionloyer.ch\\\/it\\\/garantie-loyer\\\/inscription-entreprise\\\/\"},{\"@type\":\"ListItem\",\"position\":4,\"name\":\"Registrazione della societ\u00e0 completata\"}]},{\"@type\":\"WebSite\",\"@id\":\"https:\\\/\\\/mycautionloyer.ch\\\/it\\\/#website\",\"url\":\"https:\\\/\\\/mycautionloyer.ch\\\/it\\\/\",\"name\":\"Calcul de garantie de loyer\",\"description\":\"\",\"publisher\":{\"@id\":\"https:\\\/\\\/mycautionloyer.ch\\\/it\\\/#organization\"},\"potentialAction\":[{\"@type\":\"SearchAction\",\"target\":{\"@type\":\"EntryPoint\",\"urlTemplate\":\"https:\\\/\\\/mycautionloyer.ch\\\/it\\\/?s={search_term_string}\"},\"query-input\":{\"@type\":\"PropertyValueSpecification\",\"valueRequired\":true,\"valueName\":\"search_term_string\"}}],\"inLanguage\":\"it-IT\"},{\"@type\":\"Organization\",\"@id\":\"https:\\\/\\\/mycautionloyer.ch\\\/it\\\/#organization\",\"name\":\"My Caution Loyer\",\"url\":\"https:\\\/\\\/mycautionloyer.ch\\\/it\\\/\",\"logo\":{\"@type\":\"ImageObject\",\"inLanguage\":\"it-IT\",\"@id\":\"https:\\\/\\\/mycautionloyer.ch\\\/it\\\/#\\\/schema\\\/logo\\\/image\\\/\",\"url\":\"https:\\\/\\\/mycautionloyer.ch\\\/wp-content\\\/uploads\\\/2022\\\/09\\\/logo-my-caution-loyer-carre.png\",\"contentUrl\":\"https:\\\/\\\/mycautionloyer.ch\\\/wp-content\\\/uploads\\\/2022\\\/09\\\/logo-my-caution-loyer-carre.png\",\"width\":836,\"height\":836,\"caption\":\"My Caution Loyer\"},\"image\":{\"@id\":\"https:\\\/\\\/mycautionloyer.ch\\\/it\\\/#\\\/schema\\\/logo\\\/image\\\/\"}}]}<\/script>\n<!-- \/ Yoast SEO plugin. -->","yoast_head_json":{"title":"Registrazione della societ\u00e0 completata - Calcul de garantie de loyer","robots":{"index":"index","follow":"follow","max-snippet":"max-snippet:-1","max-image-preview":"max-image-preview:large","max-video-preview":"max-video-preview:-1"},"canonical":"https:\/\/mycautionloyer.ch\/it\/cauzione-affitto\/registrazione-della-societa\/registrazione-della-societa-completata\/","og_locale":"it_IT","og_type":"article","og_title":"Registrazione della societ\u00e0 completata - Calcul de garantie de loyer","og_description":"La registrazione \u00e8 completaAbbiamo ricevuto il suo modulo di candidatura e la ringraziamo per averlo inviato. Vi contatteremo al pi\u00f9 presto con i dettagli della vostra offerta.","og_url":"https:\/\/mycautionloyer.ch\/it\/cauzione-affitto\/registrazione-della-societa\/registrazione-della-societa-completata\/","og_site_name":"Calcul de garantie de loyer","article_modified_time":"2023-07-17T08:15:59+00:00","twitter_card":"summary_large_image","twitter_misc":{"Tempo di lettura stimato":"2 minuti"},"schema":{"@context":"https:\/\/schema.org","@graph":[{"@type":"WebPage","@id":"https:\/\/mycautionloyer.ch\/it\/cauzione-affitto\/registrazione-della-societa\/registrazione-della-societa-completata\/","url":"https:\/\/mycautionloyer.ch\/it\/cauzione-affitto\/registrazione-della-societa\/registrazione-della-societa-completata\/","name":"Registrazione della societ\u00e0 completata - Calcul de garantie de loyer","isPartOf":{"@id":"https:\/\/mycautionloyer.ch\/it\/#website"},"datePublished":"2022-09-05T15:42:17+00:00","dateModified":"2023-07-17T08:15:59+00:00","breadcrumb":{"@id":"https:\/\/mycautionloyer.ch\/it\/cauzione-affitto\/registrazione-della-societa\/registrazione-della-societa-completata\/#breadcrumb"},"inLanguage":"it-IT","potentialAction":[{"@type":"ReadAction","target":["https:\/\/mycautionloyer.ch\/it\/cauzione-affitto\/registrazione-della-societa\/registrazione-della-societa-completata\/"]}]},{"@type":"BreadcrumbList","@id":"https:\/\/mycautionloyer.ch\/it\/cauzione-affitto\/registrazione-della-societa\/registrazione-della-societa-completata\/#breadcrumb","itemListElement":[{"@type":"ListItem","position":1,"name":"Accueil","item":"https:\/\/mycautionloyer.ch\/it\/casa\/"},{"@type":"ListItem","position":2,"name":"Cauzione d&rsquo;affitto","item":"https:\/\/mycautionloyer.ch\/it\/cauzione-affitto\/"},{"@type":"ListItem","position":3,"name":"Registrazione della societ\u00e0","item":"https:\/\/mycautionloyer.ch\/it\/garantie-loyer\/inscription-entreprise\/"},{"@type":"ListItem","position":4,"name":"Registrazione della societ\u00e0 completata"}]},{"@type":"WebSite","@id":"https:\/\/mycautionloyer.ch\/it\/#website","url":"https:\/\/mycautionloyer.ch\/it\/","name":"Calcul de garantie de loyer","description":"","publisher":{"@id":"https:\/\/mycautionloyer.ch\/it\/#organization"},"potentialAction":[{"@type":"SearchAction","target":{"@type":"EntryPoint","urlTemplate":"https:\/\/mycautionloyer.ch\/it\/?s={search_term_string}"},"query-input":{"@type":"PropertyValueSpecification","valueRequired":true,"valueName":"search_term_string"}}],"inLanguage":"it-IT"},{"@type":"Organization","@id":"https:\/\/mycautionloyer.ch\/it\/#organization","name":"My Caution Loyer","url":"https:\/\/mycautionloyer.ch\/it\/","logo":{"@type":"ImageObject","inLanguage":"it-IT","@id":"https:\/\/mycautionloyer.ch\/it\/#\/schema\/logo\/image\/","url":"https:\/\/mycautionloyer.ch\/wp-content\/uploads\/2022\/09\/logo-my-caution-loyer-carre.png","contentUrl":"https:\/\/mycautionloyer.ch\/wp-content\/uploads\/2022\/09\/logo-my-caution-loyer-carre.png","width":836,"height":836,"caption":"My Caution Loyer"},"image":{"@id":"https:\/\/mycautionloyer.ch\/it\/#\/schema\/logo\/image\/"}}]}},"_links":{"self":[{"href":"https:\/\/mycautionloyer.ch\/it\/wp-json\/wp\/v2\/pages\/1590","targetHints":{"allow":["GET"]}}],"collection":[{"href":"https:\/\/mycautionloyer.ch\/it\/wp-json\/wp\/v2\/pages"}],"about":[{"href":"https:\/\/mycautionloyer.ch\/it\/wp-json\/wp\/v2\/types\/page"}],"author":[{"embeddable":true,"href":"https:\/\/mycautionloyer.ch\/it\/wp-json\/wp\/v2\/users\/1"}],"replies":[{"embeddable":true,"href":"https:\/\/mycautionloyer.ch\/it\/wp-json\/wp\/v2\/comments?post=1590"}],"version-history":[{"count":4,"href":"https:\/\/mycautionloyer.ch\/it\/wp-json\/wp\/v2\/pages\/1590\/revisions"}],"predecessor-version":[{"id":2404,"href":"https:\/\/mycautionloyer.ch\/it\/wp-json\/wp\/v2\/pages\/1590\/revisions\/2404"}],"up":[{"embeddable":true,"href":"https:\/\/mycautionloyer.ch\/it\/wp-json\/wp\/v2\/pages\/1617"}],"wp:attachment":[{"href":"https:\/\/mycautionloyer.ch\/it\/wp-json\/wp\/v2\/media?parent=1590"}],"curies":[{"name":"wp","href":"https:\/\/api.w.org\/{rel}","templated":true}]}}