{"id":1596,"date":"2022-08-31T21:59:50","date_gmt":"2022-08-31T19:59:50","guid":{"rendered":"https:\/\/mycautionloyer.ch\/faq\/"},"modified":"2023-07-14T15:59:05","modified_gmt":"2023-07-14T13:59:05","slug":"faq","status":"publish","type":"page","link":"https:\/\/mycautionloyer.ch\/de\/faq\/","title":{"rendered":"FAQ"},"content":{"rendered":"<p>[et_pb_section fb_built=&#8220;1&#8243; custom_padding_last_edited=&#8220;on|phone&#8220; _builder_version=&#8220;4.18.0&#8243; _module_preset=&#8220;default&#8220; use_background_color_gradient=&#8220;on&#8220; background_color_gradient_stops=&#8220;rgba(255,255,255,0.4) 0%|#ffffff 99%&#8220; background_color_gradient_overlays_image=&#8220;on&#8220; background_image=&#8220;https:\/\/mycautionloyer.ch\/wp-content\/uploads\/2022\/09\/caution-loyer-suisse-pas-cher.jpg&#8220; custom_margin=&#8220;||||false|false&#8220; custom_padding=&#8220;6em||6em||true|false&#8220; custom_padding_tablet=&#8220;4em||4em||true|false&#8220; custom_padding_phone=&#8220;2em||2em||true|false&#8220; hover_enabled=&#8220;0&#8243; background_last_edited=&#8220;on|phone&#8220; use_background_color_gradient_tablet=&#8220;on&#8220; use_background_color_gradient_phone=&#8220;on&#8220; background_color_gradient_stops_tablet=&#8220;rgba(255,255,255,0.66) 0%|#ffffff 99%&#8220; background_color_gradient_stops_phone=&#8220;rgba(255,255,255,0.7) 0%|#ffffff 99%&#8220; background_position_phone=&#8220;center&#8220; locked=&#8220;off&#8220; global_colors_info=&#8220;{}&#8220; sticky_enabled=&#8220;0&#8243;][et_pb_row _builder_version=&#8220;4.18.0&#8243; _module_preset=&#8220;default&#8220; custom_padding=&#8220;0px||0px||true|false&#8220; global_colors_info=&#8220;{}&#8220;][et_pb_column type=&#8220;4_4&#8243; _builder_version=&#8220;4.18.0&#8243; _module_preset=&#8220;default&#8220; global_colors_info=&#8220;{}&#8220;][et_pb_text _builder_version=&#8220;4.18.0&#8243; _module_preset=&#8220;default&#8220; header_text_align=&#8220;center&#8220; custom_margin=&#8220;||||false|false&#8220; header_text_color_tablet=&#8220;&#8220; header_text_color_phone=&#8220;&#8220; header_text_color_last_edited=&#8220;on|phone&#8220; header_font_size_tablet=&#8220;&#8220; header_font_size_phone=&#8220;1.6em&#8220; header_font_size_last_edited=&#8220;on|phone&#8220; global_colors_info=&#8220;{}&#8220;]<\/p>\n<h1>Haben Sie Fragen zu Ihrer Mietgarantie?  <\/h1>\n<p>[\/et_pb_text][\/et_pb_column][\/et_pb_row][\/et_pb_section][et_pb_section fb_built=&#8220;1&#8243; _builder_version=&#8220;4.18.0&#8243; _module_preset=&#8220;default&#8220; hover_enabled=&#8220;0&#8243; global_colors_info=&#8220;{}&#8220; custom_margin=&#8220;||||false|false&#8220; custom_padding=&#8220;2em||||false|false&#8220; sticky_enabled=&#8220;0&#8243;][et_pb_row _builder_version=&#8220;4.18.0&#8243; _module_preset=&#8220;default&#8220; global_colors_info=&#8220;{}&#8220;][et_pb_column type=&#8220;4_4&#8243; _builder_version=&#8220;4.18.0&#8243; _module_preset=&#8220;default&#8220; global_colors_info=&#8220;{}&#8220;][et_pb_accordion _builder_version=&#8220;4.18.0&#8243; _module_preset=&#8220;default&#8220; hover_enabled=&#8220;0&#8243; global_colors_info=&#8220;{%22gcid-66f71ed0-cbba-4186-a575-fc27dba07463%22:%91%22icon_color%22,%22open_toggle_text_color%22,%22closed_toggle_text_color%22%93}&#8220; sticky_enabled=&#8220;0&#8243;][et_pb_accordion_item title=&#8220;Was ist der Unterschied zwischen einer versicherten Mietkaution und einem Bankdepot?&#8220; _builder_version=&#8220;4.18.0&#8243; _module_preset=&#8220;default&#8220; global_colors_info=&#8220;{}&#8220; open=&#8220;on&#8220;]<\/p>\n<p>Der Abschluss einer Mietkautionsversicherung gibt Ihrem Vermieter\/Verwalter die gleiche Sicherheit, ohne dass Sie das Geld auf einem Bankkonto blockieren m\u00fcssen.<\/p>\n<p>Die Formalit\u00e4ten f\u00fcr die Entlassung sind einfacher. Im Schadensfall zahlt die Versicherung die Regie\/den Vermieter, sobald sie die erforderlichen Belege erhalten hat.<\/p>\n<p>[\/et_pb_accordion_item][et_pb_accordion_item title=&#8220;Ist mein Vermieter oder meine Hausverwaltung verpflichtet, eine Versicherungsgarantie zu akzeptieren?&#8220; open=&#8220;off&#8220; _builder_version=&#8220;4.18.0&#8243; _module_preset=&#8220;default&#8220; hover_enabled=&#8220;0&#8243; global_colors_info=&#8220;{}&#8220; sticky_enabled=&#8220;0&#8243;]<\/p>\n<p>Nein<\/p>\n<p>Dennoch arbeiten die vorgeschlagenen Unternehmen mit den gr\u00f6\u00dften Regiebetrieben in der ganzen Schweiz zusammen.<\/p>\n<p>F\u00fcr eine Hausverwaltung\/einen Vermieter ist eine Versicherungsgarantie genauso zuverl\u00e4ssig wie eine Bankeinlage.<\/p>\n<p>[\/et_pb_accordion_item][et_pb_accordion_item title=&#8220;Ich bin bereits Mieter und habe drei Monatsmieten auf einem Bankkonto blockiert. Kann ich es zur\u00fcckbekommen?&#8220; _builder_version=&#8220;4.18.0&#8243; _module_preset=&#8220;default&#8220; global_colors_info=&#8220;{}&#8220; open=&#8220;off&#8220;]<\/p>\n<p>Nat\u00fcrlich. Sie m\u00fcssen nur einen Antrag auf eine Mietgarantie stellen.<\/p>\n<p>Wir stellen Ihre Garantiebescheinigung aus und leiten sie an Ihre Hausverwaltung\/Ihren Vermieter weiter, der sich um die Freigabe Ihrer Bankeinlage k\u00fcmmert. Ihr Geld wird Ihnen zur\u00fcckerstattet.<\/p>\n<p>[\/et_pb_accordion_item][et_pb_accordion_item title=&#8220;Kann ich meine Mietgarantieversicherung k\u00fcndigen?&#8220; _builder_version=&#8220;4.18.0&#8243; _module_preset=&#8220;default&#8220; global_colors_info=&#8220;{}&#8220; open=&#8220;off&#8220;]<\/p>\n<p>Eine K\u00fcndigung ist jederzeit m\u00f6glich.<\/p>\n<p>Es gen\u00fcgt, wenn Sie Ihre Hausverwaltung\/Ihren Vermieter bitten, das Original des Garantiescheins zur\u00fcckzusenden.<\/p>\n<p>Achtung: Einige Unternehmen berechnen eine Geb\u00fchr.<\/p>\n<p>[\/et_pb_accordion_item][et_pb_accordion_item title=&#8220;Wenn ich im Laufe des Jahres umziehe, muss ich dann eine Pr\u00e4mie f\u00fcr ein ganzes Jahr zahlen?&#8220; _builder_version=&#8220;4.18.0&#8243; _module_preset=&#8220;default&#8220; global_colors_info=&#8220;{}&#8220; open=&#8220;off&#8220;]Nein, die Pr\u00e4mie wird anteilig vom Beginn des Mietvertrags bis zum Ende des Mietvertrags berechnet.<\/p>\n<p>Im letzten Jahr, wenn Sie das Land w\u00e4hrend des Jahres verlassen, wird Ihnen die Differenz zur\u00fcckerstattet.[\/et_pb_accordion_item][et_pb_accordion_item title=&#8220;Wird die Pr\u00e4mie, die ich zahle, f\u00fcr die Zahlung der Mietkaution verwendet?&#8220; _builder_version=&#8220;4.18.0&#8243; _module_preset=&#8220;default&#8220; global_colors_info=&#8220;{}&#8220; open=&#8220;off&#8220;]<\/p>\n<p>Nein<\/p>\n<p>Ihre Pr\u00e4mie finanziert alle Sch\u00e4den an der Wohnung oder eventuelle Mietr\u00fcckst\u00e4nde bis zu einer bestimmten Summe w\u00e4hrend der gesamten Vertragslaufzeit.<\/p>\n<p>[\/et_pb_accordion_item][\/et_pb_accordion][\/et_pb_column][\/et_pb_row][\/et_pb_section][et_pb_section fb_built=&#8220;1&#8243; _builder_version=&#8220;4.18.0&#8243; _module_preset=&#8220;default&#8220; global_colors_info=&#8220;{}&#8220; global_module=&#8220;285&#8243; theme_builder_area=&#8220;post_content&#8220;][et_pb_row column_structure=&#8220;1_4,3_4&#8243; _builder_version=&#8220;4.18.0&#8243; _module_preset=&#8220;default&#8220; global_colors_info=&#8220;{}&#8220; theme_builder_area=&#8220;post_content&#8220;][et_pb_column type=&#8220;1_4&#8243; _builder_version=&#8220;4.18.0&#8243; _module_preset=&#8220;default&#8220; global_colors_info=&#8220;{}&#8220; theme_builder_area=&#8220;post_content&#8220;][et_pb_image src=&#8220;https:\/\/mycautionloyer.ch\/wp-content\/uploads\/2023\/07\/logo-my-caution-loyer-carre-de.png&#8220; title_text=&#8220;logo-my-kaution-miete-karre&#8220; _builder_version=&#8220;4.18.0&#8243; _module_preset=&#8220;default&#8220; width_tablet=&#8220;150px&#8220; width_phone=&#8220;150px&#8220; width_last_edited=&#8220;on|tablet&#8220; module_alignment_tablet=&#8220;center&#8220; module_alignment_phone=&#8220;center&#8220; module_alignment_last_edited=&#8220;on|tablet&#8220; global_colors_info=&#8220;{}&#8220; theme_builder_area=&#8220;post_content&#8220;][\/et_pb_image][\/et_pb_column][et_pb_column type=&#8220;3_4&#8243; _builder_version=&#8220;4.18.0&#8243; _module_preset=&#8220;default&#8220; global_colors_info=&#8220;{}&#8220; theme_builder_area=&#8220;post_content&#8220;][et_pb_text _builder_version=&#8220;4.18.0&#8243; _module_preset=&#8220;default&#8220; global_colors_info=&#8220;{}&#8220; theme_builder_area=&#8220;post_content&#8220;]<\/p>\n<h2>Ihr Partner f\u00fcr Mietkautionen<\/h2>\n<p>[\/et_pb_text][et_pb_text _builder_version=&#8220;4.18.0&#8243; _module_preset=&#8220;default&#8220; global_colors_info=&#8220;{}&#8220; theme_builder_area=&#8220;post_content&#8220;]<\/p>\n<p>Seit 2018 haben wir Tausenden von Mitb\u00fcrgern \ud83c\udde8\ud83c\udded geholfen, indem wir ihnen immer <strong>die besten Angebote auf dem Markt<\/strong> f\u00fcr ihre Mietkaution gemacht haben.<\/p>\n<p>Heute sind <strong>Sie an der Reihe<\/strong>, unsere Dienste in Anspruch zu nehmen, und wir freuen uns darauf, unsere Mission erfolgreich abzuschlie\u00dfen.<\/p>\n<p>Mit Sitz in der Schweiz arbeiten wir transparent und <strong>Ihre Zufriedenheit ist unsere sch\u00f6nste Belohnung<\/strong>.<\/p>\n<p>[\/et_pb_text][\/et_pb_column][\/et_pb_row][\/et_pb_section][et_pb_section fb_built=&#8220;1&#8243; _builder_version=&#8220;4.18.0&#8243; _module_preset=&#8220;default&#8220; use_background_color_gradient=&#8220;on&#8220; background_color_gradient_stops=&#8220;rgba(255,255,255,0.4) 0%|rgba(255,255,255,0.7) 99%&#8220; background_color_gradient_overlays_image=&#8220;on&#8220; background_image=&#8220;https:\/\/mycautionloyer.ch\/wp-content\/uploads\/2022\/09\/garantie-loyer-conseil-personnalise.jpg&#8220; background_position=&#8220;top_center&#8220; global_colors_info=&#8220;{}&#8220; global_module=&#8220;287&#8243; theme_builder_area=&#8220;post_content&#8220;][et_pb_row column_structure=&#8220;3_4,1_4&#8243; _builder_version=&#8220;4.18.0&#8243; _module_preset=&#8220;default&#8220; global_colors_info=&#8220;{}&#8220; theme_builder_area=&#8220;post_content&#8220;][et_pb_column type=&#8220;3_4&#8243; _builder_version=&#8220;4.18.0&#8243; _module_preset=&#8220;default&#8220; global_colors_info=&#8220;{}&#8220; theme_builder_area=&#8220;post_content&#8220;][et_pb_text _builder_version=&#8220;4.18.0&#8243; _module_preset=&#8220;default&#8220; global_colors_info=&#8220;{}&#8220; theme_builder_area=&#8220;post_content&#8220;]<\/p>\n<h2>Brauchen Sie eine pers\u00f6nliche Beratung?<\/h2>\n<p>[\/et_pb_text][et_pb_text _builder_version=&#8220;4.18.0&#8243; _module_preset=&#8220;default&#8220; global_colors_info=&#8220;{}&#8220; theme_builder_area=&#8220;post_content&#8220;]<\/p>\n<p>Befinden Sie sich in einem besonderen Fall und <strong>ben\u00f6tigen<\/strong> Sie weitere Informationen, bevor Sie eine Mietkaution abschlie\u00dfen?<\/p>\n<p>Haben Sie Fragen zum Antragsverfahren oder zur Funktionsweise einer Mietkaution?<\/p>\n<p>Unser Team steht bereit, um <strong>Ihre Fragen und Anliegen<\/strong> zu Ihrer Mietkaution zu <strong>beantworten<\/strong>.<\/p>\n<p>[\/et_pb_text][\/et_pb_column][et_pb_column type=&#8220;1_4&#8243; _builder_version=&#8220;4.18.0&#8243; _module_preset=&#8220;default&#8220; global_colors_info=&#8220;{}&#8220; theme_builder_area=&#8220;post_content&#8220;][et_pb_button button_url=&#8220;@ET-DC@eyJkeW5hbWljIjp0cnVlLCJjb250ZW50IjoicG9zdF9saW5rX3VybF9wYWdlIiwic2V0dGluZ3MiOnsicG9zdF9pZCI6IjI4In19@&#8220; button_text=&#8220;Schreiben Sie uns&#8220; _builder_version=&#8220;4.18.0&#8243; _dynamic_attributes=&#8220;button_url&#8220; _module_preset=&#8220;default&#8220; global_colors_info=&#8220;{}&#8220; theme_builder_area=&#8220;post_content&#8220;][\/et_pb_button][et_pb_button button_url=&#8220;tel:+41225753797&#8243; button_text=&#8220;Rufen Sie uns an&#8220; _builder_version=&#8220;4.18.0&#8243; _module_preset=&#8220;default&#8220; global_colors_info=&#8220;{}&#8220; theme_builder_area=&#8220;post_content&#8220;][\/et_pb_button][\/et_pb_column][\/et_pb_row][\/et_pb_section]<\/p>\n","protected":false},"excerpt":{"rendered":"<p>Haben Sie Fragen zu Ihrer Mietgarantie? Der Abschluss einer Mietkautionsversicherung gibt Ihrem Vermieter\/Verwalter die gleiche Sicherheit, ohne dass Sie das Geld auf einem Bankkonto blockieren m\u00fcssen. Die Formalit\u00e4ten f\u00fcr die Entlassung sind einfacher. Im Schadensfall zahlt die Versicherung die Regie\/den Vermieter, sobald sie die erforderlichen Belege erhalten hat.Nein Dennoch arbeiten die vorgeschlagenen Unternehmen mit den [&hellip;]<\/p>\n","protected":false},"author":1,"featured_media":0,"parent":0,"menu_order":0,"comment_status":"closed","ping_status":"closed","template":"","meta":{"_et_pb_use_builder":"on","_et_pb_old_content":"","_et_gb_content_width":"","footnotes":""},"class_list":["post-1596","page","type-page","status-publish","hentry"],"yoast_head":"<!-- This site is optimized with the Yoast SEO plugin v27.5 - https:\/\/yoast.com\/product\/yoast-seo-wordpress\/ -->\n<title>Haben Sie Fragen zur Mietkaution in der Schweiz?<\/title>\n<meta name=\"description\" content=\"Unterschiede zwischen einer Mietkaution und einem Bankdepot? Verpflichtung, eine Garantie zu akzeptieren? Entdecken Sie die Antworten auf Ihre Fragen.\" \/>\n<meta name=\"robots\" content=\"index, follow, max-snippet:-1, max-image-preview:large, max-video-preview:-1\" \/>\n<link rel=\"canonical\" href=\"https:\/\/mycautionloyer.ch\/de\/faq\/\" \/>\n<meta property=\"og:locale\" content=\"de_DE\" \/>\n<meta property=\"og:type\" content=\"article\" \/>\n<meta property=\"og:title\" content=\"Haben Sie Fragen zur Mietkaution in der Schweiz?\" \/>\n<meta property=\"og:description\" content=\"Unterschiede zwischen einer Mietkaution und einem Bankdepot? Verpflichtung, eine Garantie zu akzeptieren? Entdecken Sie die Antworten auf Ihre Fragen.\" \/>\n<meta property=\"og:url\" content=\"https:\/\/mycautionloyer.ch\/de\/faq\/\" \/>\n<meta property=\"og:site_name\" content=\"Calcul de garantie de loyer\" \/>\n<meta property=\"article:modified_time\" content=\"2023-07-14T13:59:05+00:00\" \/>\n<meta name=\"twitter:card\" content=\"summary_large_image\" \/>\n<meta name=\"twitter:label1\" content=\"Gesch\u00e4tzte Lesezeit\" \/>\n\t<meta name=\"twitter:data1\" content=\"6\u00a0Minuten\" \/>\n<script type=\"application\/ld+json\" class=\"yoast-schema-graph\">{\"@context\":\"https:\\\/\\\/schema.org\",\"@graph\":[{\"@type\":\"WebPage\",\"@id\":\"https:\\\/\\\/mycautionloyer.ch\\\/de\\\/faq\\\/\",\"url\":\"https:\\\/\\\/mycautionloyer.ch\\\/de\\\/faq\\\/\",\"name\":\"Haben Sie Fragen zur Mietkaution in der Schweiz?\",\"isPartOf\":{\"@id\":\"https:\\\/\\\/mycautionloyer.ch\\\/de\\\/#website\"},\"datePublished\":\"2022-08-31T19:59:50+00:00\",\"dateModified\":\"2023-07-14T13:59:05+00:00\",\"description\":\"Unterschiede zwischen einer Mietkaution und einem Bankdepot? Verpflichtung, eine Garantie zu akzeptieren? Entdecken Sie die Antworten auf Ihre Fragen.\",\"breadcrumb\":{\"@id\":\"https:\\\/\\\/mycautionloyer.ch\\\/de\\\/faq\\\/#breadcrumb\"},\"inLanguage\":\"de\",\"potentialAction\":[{\"@type\":\"ReadAction\",\"target\":[\"https:\\\/\\\/mycautionloyer.ch\\\/de\\\/faq\\\/\"]}]},{\"@type\":\"BreadcrumbList\",\"@id\":\"https:\\\/\\\/mycautionloyer.ch\\\/de\\\/faq\\\/#breadcrumb\",\"itemListElement\":[{\"@type\":\"ListItem\",\"position\":1,\"name\":\"Accueil\",\"item\":\"https:\\\/\\\/mycautionloyer.ch\\\/de\\\/startseite\\\/\"},{\"@type\":\"ListItem\",\"position\":2,\"name\":\"FAQ\"}]},{\"@type\":\"WebSite\",\"@id\":\"https:\\\/\\\/mycautionloyer.ch\\\/de\\\/#website\",\"url\":\"https:\\\/\\\/mycautionloyer.ch\\\/de\\\/\",\"name\":\"Calcul de garantie de loyer\",\"description\":\"\",\"publisher\":{\"@id\":\"https:\\\/\\\/mycautionloyer.ch\\\/de\\\/#organization\"},\"potentialAction\":[{\"@type\":\"SearchAction\",\"target\":{\"@type\":\"EntryPoint\",\"urlTemplate\":\"https:\\\/\\\/mycautionloyer.ch\\\/de\\\/?s={search_term_string}\"},\"query-input\":{\"@type\":\"PropertyValueSpecification\",\"valueRequired\":true,\"valueName\":\"search_term_string\"}}],\"inLanguage\":\"de\"},{\"@type\":\"Organization\",\"@id\":\"https:\\\/\\\/mycautionloyer.ch\\\/de\\\/#organization\",\"name\":\"My Caution Loyer\",\"url\":\"https:\\\/\\\/mycautionloyer.ch\\\/de\\\/\",\"logo\":{\"@type\":\"ImageObject\",\"inLanguage\":\"de\",\"@id\":\"https:\\\/\\\/mycautionloyer.ch\\\/de\\\/#\\\/schema\\\/logo\\\/image\\\/\",\"url\":\"https:\\\/\\\/mycautionloyer.ch\\\/wp-content\\\/uploads\\\/2022\\\/09\\\/logo-my-caution-loyer-carre.png\",\"contentUrl\":\"https:\\\/\\\/mycautionloyer.ch\\\/wp-content\\\/uploads\\\/2022\\\/09\\\/logo-my-caution-loyer-carre.png\",\"width\":836,\"height\":836,\"caption\":\"My Caution Loyer\"},\"image\":{\"@id\":\"https:\\\/\\\/mycautionloyer.ch\\\/de\\\/#\\\/schema\\\/logo\\\/image\\\/\"}}]}<\/script>\n<!-- \/ Yoast SEO plugin. -->","yoast_head_json":{"title":"Haben Sie Fragen zur Mietkaution in der Schweiz?","description":"Unterschiede zwischen einer Mietkaution und einem Bankdepot? Verpflichtung, eine Garantie zu akzeptieren? Entdecken Sie die Antworten auf Ihre Fragen.","robots":{"index":"index","follow":"follow","max-snippet":"max-snippet:-1","max-image-preview":"max-image-preview:large","max-video-preview":"max-video-preview:-1"},"canonical":"https:\/\/mycautionloyer.ch\/de\/faq\/","og_locale":"de_DE","og_type":"article","og_title":"Haben Sie Fragen zur Mietkaution in der Schweiz?","og_description":"Unterschiede zwischen einer Mietkaution und einem Bankdepot? Verpflichtung, eine Garantie zu akzeptieren? Entdecken Sie die Antworten auf Ihre Fragen.","og_url":"https:\/\/mycautionloyer.ch\/de\/faq\/","og_site_name":"Calcul de garantie de loyer","article_modified_time":"2023-07-14T13:59:05+00:00","twitter_card":"summary_large_image","twitter_misc":{"Gesch\u00e4tzte Lesezeit":"6\u00a0Minuten"},"schema":{"@context":"https:\/\/schema.org","@graph":[{"@type":"WebPage","@id":"https:\/\/mycautionloyer.ch\/de\/faq\/","url":"https:\/\/mycautionloyer.ch\/de\/faq\/","name":"Haben Sie Fragen zur Mietkaution in der Schweiz?","isPartOf":{"@id":"https:\/\/mycautionloyer.ch\/de\/#website"},"datePublished":"2022-08-31T19:59:50+00:00","dateModified":"2023-07-14T13:59:05+00:00","description":"Unterschiede zwischen einer Mietkaution und einem Bankdepot? Verpflichtung, eine Garantie zu akzeptieren? Entdecken Sie die Antworten auf Ihre Fragen.","breadcrumb":{"@id":"https:\/\/mycautionloyer.ch\/de\/faq\/#breadcrumb"},"inLanguage":"de","potentialAction":[{"@type":"ReadAction","target":["https:\/\/mycautionloyer.ch\/de\/faq\/"]}]},{"@type":"BreadcrumbList","@id":"https:\/\/mycautionloyer.ch\/de\/faq\/#breadcrumb","itemListElement":[{"@type":"ListItem","position":1,"name":"Accueil","item":"https:\/\/mycautionloyer.ch\/de\/startseite\/"},{"@type":"ListItem","position":2,"name":"FAQ"}]},{"@type":"WebSite","@id":"https:\/\/mycautionloyer.ch\/de\/#website","url":"https:\/\/mycautionloyer.ch\/de\/","name":"Calcul de garantie de loyer","description":"","publisher":{"@id":"https:\/\/mycautionloyer.ch\/de\/#organization"},"potentialAction":[{"@type":"SearchAction","target":{"@type":"EntryPoint","urlTemplate":"https:\/\/mycautionloyer.ch\/de\/?s={search_term_string}"},"query-input":{"@type":"PropertyValueSpecification","valueRequired":true,"valueName":"search_term_string"}}],"inLanguage":"de"},{"@type":"Organization","@id":"https:\/\/mycautionloyer.ch\/de\/#organization","name":"My Caution Loyer","url":"https:\/\/mycautionloyer.ch\/de\/","logo":{"@type":"ImageObject","inLanguage":"de","@id":"https:\/\/mycautionloyer.ch\/de\/#\/schema\/logo\/image\/","url":"https:\/\/mycautionloyer.ch\/wp-content\/uploads\/2022\/09\/logo-my-caution-loyer-carre.png","contentUrl":"https:\/\/mycautionloyer.ch\/wp-content\/uploads\/2022\/09\/logo-my-caution-loyer-carre.png","width":836,"height":836,"caption":"My Caution Loyer"},"image":{"@id":"https:\/\/mycautionloyer.ch\/de\/#\/schema\/logo\/image\/"}}]}},"_links":{"self":[{"href":"https:\/\/mycautionloyer.ch\/de\/wp-json\/wp\/v2\/pages\/1596","targetHints":{"allow":["GET"]}}],"collection":[{"href":"https:\/\/mycautionloyer.ch\/de\/wp-json\/wp\/v2\/pages"}],"about":[{"href":"https:\/\/mycautionloyer.ch\/de\/wp-json\/wp\/v2\/types\/page"}],"author":[{"embeddable":true,"href":"https:\/\/mycautionloyer.ch\/de\/wp-json\/wp\/v2\/users\/1"}],"replies":[{"embeddable":true,"href":"https:\/\/mycautionloyer.ch\/de\/wp-json\/wp\/v2\/comments?post=1596"}],"version-history":[{"count":5,"href":"https:\/\/mycautionloyer.ch\/de\/wp-json\/wp\/v2\/pages\/1596\/revisions"}],"predecessor-version":[{"id":2196,"href":"https:\/\/mycautionloyer.ch\/de\/wp-json\/wp\/v2\/pages\/1596\/revisions\/2196"}],"wp:attachment":[{"href":"https:\/\/mycautionloyer.ch\/de\/wp-json\/wp\/v2\/media?parent=1596"}],"curies":[{"name":"wp","href":"https:\/\/api.w.org\/{rel}","templated":true}]}}