{"id":1595,"date":"2022-08-31T22:03:22","date_gmt":"2022-08-31T20:03:22","guid":{"rendered":"https:\/\/mycautionloyer.ch\/kontakt\/"},"modified":"2025-01-21T08:05:01","modified_gmt":"2025-01-21T07:05:01","slug":"kontakt","status":"publish","type":"page","link":"https:\/\/mycautionloyer.ch\/de\/kontakt\/","title":{"rendered":"Kontakt"},"content":{"rendered":"<p>[et_pb_section fb_built=&#8220;1&#8243; custom_padding_last_edited=&#8220;on|phone&#8220; _builder_version=&#8220;4.18.0&#8243; _module_preset=&#8220;default&#8220; use_background_color_gradient=&#8220;on&#8220; background_color_gradient_stops=&#8220;rgba(255,255,255,0.4) 0%|#ffffff 99%&#8220; background_color_gradient_overlays_image=&#8220;on&#8220; background_image=&#8220;https:\/\/mycautionloyer.ch\/wp-content\/uploads\/2022\/09\/caution-loyer-suisse-pas-cher.jpg&#8220; custom_margin=&#8220;||||false|false&#8220; custom_padding=&#8220;6em||6em||true|false&#8220; custom_padding_tablet=&#8220;4em||4em||true|false&#8220; custom_padding_phone=&#8220;2em||2em||true|false&#8220; background_last_edited=&#8220;on|phone&#8220; use_background_color_gradient_tablet=&#8220;on&#8220; use_background_color_gradient_phone=&#8220;on&#8220; background_color_gradient_stops_tablet=&#8220;rgba(255,255,255,0.66) 0%|#ffffff 99%&#8220; background_color_gradient_stops_phone=&#8220;rgba(255,255,255,0.7) 0%|#ffffff 99%&#8220; background_position_phone=&#8220;center&#8220; locked=&#8220;off&#8220; global_colors_info=&#8220;{}&#8220;][et_pb_row _builder_version=&#8220;4.18.0&#8243; _module_preset=&#8220;default&#8220; custom_padding=&#8220;0px||0px||true|false&#8220; global_colors_info=&#8220;{}&#8220;][et_pb_column type=&#8220;4_4&#8243; _builder_version=&#8220;4.18.0&#8243; _module_preset=&#8220;default&#8220; global_colors_info=&#8220;{}&#8220;][et_pb_text _builder_version=&#8220;4.18.0&#8243; _module_preset=&#8220;default&#8220; header_text_align=&#8220;center&#8220; custom_margin=&#8220;||||false|false&#8220; header_text_color_tablet=&#8220;&#8220; header_text_color_phone=&#8220;&#8220; header_text_color_last_edited=&#8220;on|phone&#8220; header_font_size_tablet=&#8220;&#8220; header_font_size_phone=&#8220;1.6em&#8220; header_font_size_last_edited=&#8220;on|phone&#8220; global_colors_info=&#8220;{}&#8220;]<\/p>\n<h1>Kontaktieren Sie Ihren Experten f\u00fcr Mietkautionen<\/h1>\n<p>[\/et_pb_text][\/et_pb_column][\/et_pb_row][\/et_pb_section][et_pb_section fb_built=&#8220;1&#8243; _builder_version=&#8220;4.18.0&#8243; _module_preset=&#8220;default&#8220; global_colors_info=&#8220;{}&#8220;][et_pb_row _builder_version=&#8220;4.18.0&#8243; _module_preset=&#8220;default&#8220; global_colors_info=&#8220;{}&#8220;][et_pb_column type=&#8220;4_4&#8243; _builder_version=&#8220;4.18.0&#8243; _module_preset=&#8220;default&#8220; global_colors_info=&#8220;{}&#8220;][et_pb_contact_form use_spam_service=&#8220;on&#8220; recaptcha_list=&#8220;mycautionloyerch|mycautionloyerch-0&#8243; email=&#8220;jules.rossier@axa.ch&#8220; custom_message=&#8220;%%Message%%||et_pb_line_break_holder||||et_pb_line_break_holder||Vorname: %%prenom%%||et_pb_line_break_holder||Name: %%nom%%||et_pb_line_break_holder||E-Mail: %%Email%%|||et_pb_line_break_holder||Telefon : %%telephone%%&#8220; success_message=&#8220;Vielen Dank f\u00fcr Ihre Nachricht, wir werden sie so schnell wie m\u00f6glich beantworten.&#8220; submit_button_text=&#8220;Senden Sie&#8220; _builder_version=&#8220;4.27.4&#8243; _module_preset=&#8220;default&#8220; _unique_id=&#8220;7a06715c-4683-409b-9a1d-14f0498d490e&#8220; custom_button=&#8220;on&#8220; button_text_size=&#8220;1.1em&#8220; button_text_color=&#8220;#FFFFFF&#8220; button_bg_color=&#8220;gcid-66f71ed0-cbba-4186-a575-fc27dba07463&#8243; button_border_width=&#8220;0px&#8220; button_border_radius=&#8220;5px&#8220; button_font=&#8220;|600|||||||&#8220; custom_padding=&#8220;0px||||false|false&#8220; hover_enabled=&#8220;0&#8243; global_colors_info=&#8220;{%22gcid-66f71ed0-cbba-4186-a575-fc27dba07463%22:%91%22button_bg_color%22%93}&#8220; recaptcha_min_score=&#8220;0.9&#8243; sticky_enabled=&#8220;0&#8243;][et_pb_contact_field field_id=&#8220;prenom&#8220; field_title=&#8220;Vorname&#8220; _builder_version=&#8220;4.22.0&#8243; global_colors_info=&#8220;{}&#8220; button_text_size__hover_enabled=&#8220;off&#8220; button_one_text_size__hover_enabled=&#8220;off&#8220; button_two_text_size__hover_enabled=&#8220;off&#8220; button_text_color__hover_enabled=&#8220;off&#8220; button_one_text_color__hover_enabled=&#8220;off&#8220; button_two_text_color__hover_enabled=&#8220;off&#8220; button_border_width__hover_enabled=&#8220;off&#8220; button_one_border_width__hover_enabled=&#8220;off&#8220; button_two_border_width__hover_enabled=&#8220;off&#8220; button_border_color__hover_enabled=&#8220;off&#8220; button_one_border_color__hover_enabled=&#8220;off&#8220; button_two_border_color__hover_enabled=&#8220;off&#8220; button_border_radius__hover_enabled=&#8220;off&#8220; button_one_border_radius__hover_enabled=&#8220;off&#8220; button_two_border_radius__hover_enabled=&#8220;off&#8220; button_letter_spacing__hover_enabled=&#8220;off&#8220; button_one_letter_spacing__hover_enabled=&#8220;off&#8220; button_two_letter_spacing__hover_enabled=&#8220;off&#8220; button_bg_color__hover_enabled=&#8220;off&#8220; button_one_bg_color__hover_enabled=&#8220;off&#8220; button_two_bg_color__hover_enabled=&#8220;off&#8220;][\/et_pb_contact_field][et_pb_contact_field field_id=&#8220;nom&#8220; field_title=&#8220;Name&#8220; _builder_version=&#8220;4.18.0&#8243; _module_preset=&#8220;default&#8220; global_colors_info=&#8220;{}&#8220;][\/et_pb_contact_field][et_pb_contact_field field_id=&#8220;Email&#8220; field_title=&#8220;E-Mail-Adresse&#8220; field_type=&#8220;email&#8220; _builder_version=&#8220;4.22.0&#8243; global_colors_info=&#8220;{}&#8220; button_text_size__hover_enabled=&#8220;off&#8220; button_one_text_size__hover_enabled=&#8220;off&#8220; button_two_text_size__hover_enabled=&#8220;off&#8220; button_text_color__hover_enabled=&#8220;off&#8220; button_one_text_color__hover_enabled=&#8220;off&#8220; button_two_text_color__hover_enabled=&#8220;off&#8220; button_border_width__hover_enabled=&#8220;off&#8220; button_one_border_width__hover_enabled=&#8220;off&#8220; button_two_border_width__hover_enabled=&#8220;off&#8220; button_border_color__hover_enabled=&#8220;off&#8220; button_one_border_color__hover_enabled=&#8220;off&#8220; button_two_border_color__hover_enabled=&#8220;off&#8220; button_border_radius__hover_enabled=&#8220;off&#8220; button_one_border_radius__hover_enabled=&#8220;off&#8220; button_two_border_radius__hover_enabled=&#8220;off&#8220; button_letter_spacing__hover_enabled=&#8220;off&#8220; button_one_letter_spacing__hover_enabled=&#8220;off&#8220; button_two_letter_spacing__hover_enabled=&#8220;off&#8220; button_bg_color__hover_enabled=&#8220;off&#8220; button_one_bg_color__hover_enabled=&#8220;off&#8220; button_two_bg_color__hover_enabled=&#8220;off&#8220;][\/et_pb_contact_field][et_pb_contact_field field_id=&#8220;telephone&#8220; field_title=&#8220;Telefon&#8220; allowed_symbols=&#8220;numbers&#8220; _builder_version=&#8220;4.18.0&#8243; global_colors_info=&#8220;{}&#8220; button_text_size__hover_enabled=&#8220;off&#8220; button_one_text_size__hover_enabled=&#8220;off&#8220; button_two_text_size__hover_enabled=&#8220;off&#8220; button_text_color__hover_enabled=&#8220;off&#8220; button_one_text_color__hover_enabled=&#8220;off&#8220; button_two_text_color__hover_enabled=&#8220;off&#8220; button_border_width__hover_enabled=&#8220;off&#8220; button_one_border_width__hover_enabled=&#8220;off&#8220; button_two_border_width__hover_enabled=&#8220;off&#8220; button_border_color__hover_enabled=&#8220;off&#8220; button_one_border_color__hover_enabled=&#8220;off&#8220; button_two_border_color__hover_enabled=&#8220;off&#8220; button_border_radius__hover_enabled=&#8220;off&#8220; button_one_border_radius__hover_enabled=&#8220;off&#8220; button_two_border_radius__hover_enabled=&#8220;off&#8220; button_letter_spacing__hover_enabled=&#8220;off&#8220; button_one_letter_spacing__hover_enabled=&#8220;off&#8220; button_two_letter_spacing__hover_enabled=&#8220;off&#8220; button_bg_color__hover_enabled=&#8220;off&#8220; button_one_bg_color__hover_enabled=&#8220;off&#8220; button_two_bg_color__hover_enabled=&#8220;off&#8220;][\/et_pb_contact_field][et_pb_contact_field field_id=&#8220;Message&#8220; field_title=&#8220;Nachricht&#8220; field_type=&#8220;text&#8220; fullwidth_field=&#8220;on&#8220; _builder_version=&#8220;4.16&#8243; global_colors_info=&#8220;{}&#8220; button_text_size__hover_enabled=&#8220;off&#8220; button_one_text_size__hover_enabled=&#8220;off&#8220; button_two_text_size__hover_enabled=&#8220;off&#8220; button_text_color__hover_enabled=&#8220;off&#8220; button_one_text_color__hover_enabled=&#8220;off&#8220; button_two_text_color__hover_enabled=&#8220;off&#8220; button_border_width__hover_enabled=&#8220;off&#8220; button_one_border_width__hover_enabled=&#8220;off&#8220; button_two_border_width__hover_enabled=&#8220;off&#8220; button_border_color__hover_enabled=&#8220;off&#8220; button_one_border_color__hover_enabled=&#8220;off&#8220; button_two_border_color__hover_enabled=&#8220;off&#8220; button_border_radius__hover_enabled=&#8220;off&#8220; button_one_border_radius__hover_enabled=&#8220;off&#8220; button_two_border_radius__hover_enabled=&#8220;off&#8220; button_letter_spacing__hover_enabled=&#8220;off&#8220; button_one_letter_spacing__hover_enabled=&#8220;off&#8220; button_two_letter_spacing__hover_enabled=&#8220;off&#8220; button_bg_color__hover_enabled=&#8220;off&#8220; button_one_bg_color__hover_enabled=&#8220;off&#8220; button_two_bg_color__hover_enabled=&#8220;off&#8220;][\/et_pb_contact_field][et_pb_contact_field field_id=&#8220;politique-confidentialite&#8220; field_title=&#8220;Verwendung Ihrer Daten&#8220; field_type=&#8220;checkbox&#8220; checkbox_options=&#8220;%91{%22value%22:%22Ich best\u00e4tige, dass ich die Datenschutzbestimmungen gelesen und akzeptiert habe.  %22,%22checked%22:0,%22dragID%22:-1,%22link_url%22:%22\\\/politique-de-confidentialite\\\/%22}%93&#8243; fullwidth_field=&#8220;on&#8220; _builder_version=&#8220;4.22.0&#8243; _module_preset=&#8220;default&#8220; global_colors_info=&#8220;{}&#8220;][\/et_pb_contact_field][\/et_pb_contact_form][\/et_pb_column][\/et_pb_row][\/et_pb_section][et_pb_section fb_built=&#8220;1&#8243; _builder_version=&#8220;4.18.0&#8243; _module_preset=&#8220;default&#8220; global_module=&#8220;285&#8243; global_colors_info=&#8220;{}&#8220;][et_pb_row column_structure=&#8220;1_4,3_4&#8243; _builder_version=&#8220;4.18.0&#8243; _module_preset=&#8220;default&#8220; global_colors_info=&#8220;{}&#8220;][et_pb_column type=&#8220;1_4&#8243; _builder_version=&#8220;4.18.0&#8243; _module_preset=&#8220;default&#8220; global_colors_info=&#8220;{}&#8220;][et_pb_image src=&#8220;https:\/\/mycautionloyer.ch\/wp-content\/uploads\/2023\/07\/logo-my-caution-loyer-carre-de.png&#8220; title_text=&#8220;logo-my-kaution-miete-karre&#8220; _builder_version=&#8220;4.18.0&#8243; _module_preset=&#8220;default&#8220; width_tablet=&#8220;150px&#8220; width_phone=&#8220;150px&#8220; width_last_edited=&#8220;on|tablet&#8220; module_alignment_tablet=&#8220;center&#8220; module_alignment_phone=&#8220;center&#8220; module_alignment_last_edited=&#8220;on|tablet&#8220; global_colors_info=&#8220;{}&#8220;][\/et_pb_image][\/et_pb_column][et_pb_column type=&#8220;3_4&#8243; _builder_version=&#8220;4.18.0&#8243; _module_preset=&#8220;default&#8220; global_colors_info=&#8220;{}&#8220;][et_pb_text _builder_version=&#8220;4.18.0&#8243; _module_preset=&#8220;default&#8220; global_colors_info=&#8220;{}&#8220;]<\/p>\n<h2>Ihr Partner f\u00fcr Mietkautionen<\/h2>\n<p>[\/et_pb_text][et_pb_text _builder_version=&#8220;4.18.0&#8243; _module_preset=&#8220;default&#8220; global_colors_info=&#8220;{}&#8220;]<\/p>\n<p>Seit 2018 haben wir Tausenden von Mitb\u00fcrgern \ud83c\udde8\ud83c\udded geholfen, indem wir ihnen immer <strong>die besten Angebote auf dem Markt<\/strong> f\u00fcr ihre Mietkaution gemacht haben.<\/p>\n<p>Heute sind <strong>Sie an der Reihe<\/strong>, unsere Dienste in Anspruch zu nehmen, und wir freuen uns darauf, unsere Mission erfolgreich abzuschlie\u00dfen.<\/p>\n<p>Mit Sitz in der Schweiz arbeiten wir transparent und <strong>Ihre Zufriedenheit ist unsere sch\u00f6nste Belohnung<\/strong>.<\/p>\n<p>[\/et_pb_text][\/et_pb_column][\/et_pb_row][\/et_pb_section][et_pb_section fb_built=&#8220;1&#8243; _builder_version=&#8220;4.18.0&#8243; _module_preset=&#8220;default&#8220; background_color=&#8220;gcid-66f71ed0-cbba-4186-a575-fc27dba07463&#8243; custom_padding=&#8220;1em||1em||true|false&#8220; global_module=&#8220;288&#8243; global_colors_info=&#8220;{%22gcid-66f71ed0-cbba-4186-a575-fc27dba07463%22:%91%22background_color%22%93}&#8220;][et_pb_row column_structure=&#8220;1_4,1_4,1_4,1_4&#8243; module_class=&#8220;icone-4-colonnes&#8220; _builder_version=&#8220;4.18.0&#8243; _module_preset=&#8220;default&#8220; background_enable_color=&#8220;off&#8220; custom_padding=&#8220;20px|20px|20px|20px|true|true&#8220; global_colors_info=&#8220;{}&#8220;][et_pb_column type=&#8220;1_4&#8243; _builder_version=&#8220;4.18.0&#8243; _module_preset=&#8220;default&#8220; background_enable_color=&#8220;off&#8220; global_colors_info=&#8220;{}&#8220;][et_pb_image src=&#8220;https:\/\/mycautionloyer.ch\/wp-content\/uploads\/2022\/08\/garantie-loyer-meilleur-prix-b.png&#8220; title_text=&#8220;mietpreis-bestpreis-garantie-b&#8220; _builder_version=&#8220;4.18.0&#8243; _module_preset=&#8220;default&#8220; width=&#8220;60px&#8220; width_tablet=&#8220;80px&#8220; width_phone=&#8220;60px&#8220; width_last_edited=&#8220;on|tablet&#8220; module_alignment=&#8220;center&#8220; custom_margin=&#8220;||15px||false|false&#8220; custom_padding=&#8220;||||false|false&#8220; global_colors_info=&#8220;{}&#8220;][\/et_pb_image][et_pb_text _builder_version=&#8220;4.18.0&#8243; _module_preset=&#8220;default&#8220; header_3_text_color=&#8220;#FFFFFF&#8220; custom_margin=&#8220;||0px||false|false&#8220; custom_padding=&#8220;||||false|false&#8220; global_colors_info=&#8220;{}&#8220;]<\/p>\n<h3 style=\"text-align: center;\">Bester Preis<\/h3>\n<p>[\/et_pb_text][et_pb_text _builder_version=&#8220;4.18.0&#8243; _module_preset=&#8220;default&#8220; text_text_color=&#8220;#FFFFFF&#8220; text_font_size=&#8220;0.9em&#8220; text_orientation=&#8220;center&#8220; custom_padding=&#8220;||0px||false|false&#8220; global_colors_info=&#8220;{}&#8220;]<\/p>\n<p>Der beste Tarif der Schweiz f\u00fcr Ihre Mietkaution.<\/p>\n<p>[\/et_pb_text][\/et_pb_column][et_pb_column type=&#8220;1_4&#8243; _builder_version=&#8220;4.18.0&#8243; _module_preset=&#8220;default&#8220; global_colors_info=&#8220;{}&#8220;][et_pb_image src=&#8220;https:\/\/mycautionloyer.ch\/wp-content\/uploads\/2022\/08\/garantie-loyer-rapide-b.png&#8220; title_text=&#8220;schnelle-mieten-garantie-b&#8220; _builder_version=&#8220;4.18.0&#8243; _module_preset=&#8220;default&#8220; width=&#8220;60px&#8220; width_tablet=&#8220;80px&#8220; width_phone=&#8220;60px&#8220; width_last_edited=&#8220;on|tablet&#8220; module_alignment=&#8220;center&#8220; custom_margin=&#8220;||15px||false|false&#8220; custom_padding=&#8220;||||false|false&#8220; global_colors_info=&#8220;{}&#8220;][\/et_pb_image][et_pb_text _builder_version=&#8220;4.18.0&#8243; _module_preset=&#8220;default&#8220; header_3_text_color=&#8220;#FFFFFF&#8220; custom_margin=&#8220;||0px||false|false&#8220; global_colors_info=&#8220;{}&#8220;]<\/p>\n<h3 style=\"text-align: center;\">Schnell &amp; effizient<\/h3>\n<p>[\/et_pb_text][et_pb_text _builder_version=&#8220;4.18.0&#8243; _module_preset=&#8220;default&#8220; text_text_color=&#8220;#FFFFFF&#8220; text_font_size=&#8220;0.9em&#8220; text_orientation=&#8220;center&#8220; custom_padding=&#8220;||0px||false|false&#8220; global_colors_info=&#8220;{}&#8220;]<\/p>\n<p>Abschluss Ihres Antrags innerhalb von zwei Stunden.<\/p>\n<p>[\/et_pb_text][\/et_pb_column][et_pb_column type=&#8220;1_4&#8243; _builder_version=&#8220;4.18.0&#8243; _module_preset=&#8220;default&#8220; global_colors_info=&#8220;{}&#8220;][et_pb_image src=&#8220;https:\/\/mycautionloyer.ch\/wp-content\/uploads\/2022\/08\/garantie-loyer-fiable-b.png&#8220; title_text=&#8220;garantie-loyer-fiable-b&#8220; _builder_version=&#8220;4.18.0&#8243; _module_preset=&#8220;default&#8220; width=&#8220;60px&#8220; width_tablet=&#8220;80px&#8220; width_phone=&#8220;60px&#8220; width_last_edited=&#8220;on|tablet&#8220; module_alignment=&#8220;center&#8220; custom_margin=&#8220;||15px||false|false&#8220; custom_padding=&#8220;||||false|false&#8220; global_colors_info=&#8220;{}&#8220;][\/et_pb_image][et_pb_text _builder_version=&#8220;4.18.0&#8243; _module_preset=&#8220;default&#8220; header_3_text_color=&#8220;#FFFFFF&#8220; custom_margin=&#8220;||0px||false|false&#8220; global_colors_info=&#8220;{}&#8220;]<\/p>\n<h3 style=\"text-align: center;\">Einfach &amp; zuverl\u00e4ssig<\/h3>\n<p>[\/et_pb_text][et_pb_text _builder_version=&#8220;4.18.0&#8243; _module_preset=&#8220;default&#8220; text_text_color=&#8220;#FFFFFF&#8220; text_font_size=&#8220;0.9em&#8220; text_orientation=&#8220;center&#8220; custom_padding=&#8220;||0px||false|false&#8220; global_colors_info=&#8220;{}&#8220;]<\/p>\n<p>100% zuverl\u00e4ssige und sichere L\u00f6sung, der Sie vertrauen k\u00f6nnen.<\/p>\n<p>[\/et_pb_text][\/et_pb_column][et_pb_column type=&#8220;1_4&#8243; _builder_version=&#8220;4.18.0&#8243; _module_preset=&#8220;default&#8220; global_colors_info=&#8220;{}&#8220;][et_pb_image src=&#8220;https:\/\/mycautionloyer.ch\/wp-content\/uploads\/2022\/08\/garantie-loyer-suisse-b.png&#8220; title_text=&#8220;garantie-loyer-suisse-b&#8220; _builder_version=&#8220;4.18.0&#8243; _module_preset=&#8220;default&#8220; width=&#8220;60px&#8220; width_tablet=&#8220;80px&#8220; width_phone=&#8220;60px&#8220; width_last_edited=&#8220;on|tablet&#8220; module_alignment=&#8220;center&#8220; custom_margin=&#8220;||15px||false|false&#8220; custom_padding=&#8220;||||false|false&#8220; global_colors_info=&#8220;{}&#8220;][\/et_pb_image][et_pb_text _builder_version=&#8220;4.18.0&#8243; _module_preset=&#8220;default&#8220; header_3_text_color=&#8220;#FFFFFF&#8220; custom_margin=&#8220;||0px||false|false&#8220; global_colors_info=&#8220;{}&#8220;]<\/p>\n<h3 style=\"text-align: center;\">100% Schweiz<\/h3>\n<p>[\/et_pb_text][et_pb_text _builder_version=&#8220;4.18.0&#8243; _module_preset=&#8220;default&#8220; text_text_color=&#8220;#FFFFFF&#8220; text_font_size=&#8220;0.9em&#8220; text_orientation=&#8220;center&#8220; custom_padding=&#8220;||0px||false|false&#8220; global_colors_info=&#8220;{}&#8220;]<\/p>\n<p>Ihre Daten werden die Schweiz nicht verlassen.<\/p>\n<p>[\/et_pb_text][\/et_pb_column][\/et_pb_row][\/et_pb_section]<\/p>\n","protected":false},"excerpt":{"rendered":"<p>Kontaktieren Sie Ihren Experten f\u00fcr MietkautionenIhr Partner f\u00fcr MietkautionenSeit 2018 haben wir Tausenden von Mitb\u00fcrgern \ud83c\udde8\ud83c\udded geholfen, indem wir ihnen immer die besten Angebote auf dem Markt f\u00fcr ihre Mietkaution gemacht haben. Heute sind Sie an der Reihe, unsere Dienste in Anspruch zu nehmen, und wir freuen uns darauf, unsere Mission erfolgreich abzuschlie\u00dfen. Mit Sitz [&hellip;]<\/p>\n","protected":false},"author":1,"featured_media":0,"parent":0,"menu_order":0,"comment_status":"closed","ping_status":"closed","template":"","meta":{"_et_pb_use_builder":"on","_et_pb_old_content":"","_et_gb_content_width":"","footnotes":""},"class_list":["post-1595","page","type-page","status-publish","hentry"],"yoast_head":"<!-- This site is optimized with the Yoast SEO plugin v27.4 - https:\/\/yoast.com\/product\/yoast-seo-wordpress\/ -->\n<title>Kontaktieren Sie My Caution Loyer - Mietkaution in der Schweiz<\/title>\n<meta name=\"description\" content=\"Seit 2018 begleitet MyCautionLoyer seine Mitb\u00fcrgerinnen und Mitb\u00fcrger, indem es ihnen die besten Angebote f\u00fcr ihre Mietkaution anbietet.\" \/>\n<meta name=\"robots\" content=\"index, follow, max-snippet:-1, max-image-preview:large, max-video-preview:-1\" \/>\n<link rel=\"canonical\" href=\"https:\/\/mycautionloyer.ch\/de\/kontakt\/\" \/>\n<meta property=\"og:locale\" content=\"de_DE\" \/>\n<meta property=\"og:type\" content=\"article\" \/>\n<meta property=\"og:title\" content=\"Kontaktieren Sie My Caution Loyer - Mietkaution in der Schweiz\" \/>\n<meta property=\"og:description\" content=\"Seit 2018 begleitet MyCautionLoyer seine Mitb\u00fcrgerinnen und Mitb\u00fcrger, indem es ihnen die besten Angebote f\u00fcr ihre Mietkaution anbietet.\" \/>\n<meta property=\"og:url\" content=\"https:\/\/mycautionloyer.ch\/de\/kontakt\/\" \/>\n<meta property=\"og:site_name\" content=\"Calcul de garantie de loyer\" \/>\n<meta property=\"article:modified_time\" content=\"2025-01-21T07:05:01+00:00\" \/>\n<meta name=\"twitter:card\" content=\"summary_large_image\" \/>\n<meta name=\"twitter:label1\" content=\"Gesch\u00e4tzte Lesezeit\" \/>\n\t<meta name=\"twitter:data1\" content=\"10\u00a0Minuten\" \/>\n<script type=\"application\/ld+json\" class=\"yoast-schema-graph\">{\"@context\":\"https:\\\/\\\/schema.org\",\"@graph\":[{\"@type\":\"WebPage\",\"@id\":\"https:\\\/\\\/mycautionloyer.ch\\\/de\\\/kontakt\\\/\",\"url\":\"https:\\\/\\\/mycautionloyer.ch\\\/de\\\/kontakt\\\/\",\"name\":\"Kontaktieren Sie My Caution Loyer - Mietkaution in der Schweiz\",\"isPartOf\":{\"@id\":\"https:\\\/\\\/mycautionloyer.ch\\\/de\\\/#website\"},\"datePublished\":\"2022-08-31T20:03:22+00:00\",\"dateModified\":\"2025-01-21T07:05:01+00:00\",\"description\":\"Seit 2018 begleitet MyCautionLoyer seine Mitb\u00fcrgerinnen und Mitb\u00fcrger, indem es ihnen die besten Angebote f\u00fcr ihre Mietkaution anbietet.\",\"breadcrumb\":{\"@id\":\"https:\\\/\\\/mycautionloyer.ch\\\/de\\\/kontakt\\\/#breadcrumb\"},\"inLanguage\":\"de\",\"potentialAction\":[{\"@type\":\"ReadAction\",\"target\":[\"https:\\\/\\\/mycautionloyer.ch\\\/de\\\/kontakt\\\/\"]}]},{\"@type\":\"BreadcrumbList\",\"@id\":\"https:\\\/\\\/mycautionloyer.ch\\\/de\\\/kontakt\\\/#breadcrumb\",\"itemListElement\":[{\"@type\":\"ListItem\",\"position\":1,\"name\":\"Accueil\",\"item\":\"https:\\\/\\\/mycautionloyer.ch\\\/de\\\/startseite\\\/\"},{\"@type\":\"ListItem\",\"position\":2,\"name\":\"Kontakt\"}]},{\"@type\":\"WebSite\",\"@id\":\"https:\\\/\\\/mycautionloyer.ch\\\/de\\\/#website\",\"url\":\"https:\\\/\\\/mycautionloyer.ch\\\/de\\\/\",\"name\":\"Calcul de garantie de loyer\",\"description\":\"\",\"publisher\":{\"@id\":\"https:\\\/\\\/mycautionloyer.ch\\\/de\\\/#organization\"},\"potentialAction\":[{\"@type\":\"SearchAction\",\"target\":{\"@type\":\"EntryPoint\",\"urlTemplate\":\"https:\\\/\\\/mycautionloyer.ch\\\/de\\\/?s={search_term_string}\"},\"query-input\":{\"@type\":\"PropertyValueSpecification\",\"valueRequired\":true,\"valueName\":\"search_term_string\"}}],\"inLanguage\":\"de\"},{\"@type\":\"Organization\",\"@id\":\"https:\\\/\\\/mycautionloyer.ch\\\/de\\\/#organization\",\"name\":\"My Caution Loyer\",\"url\":\"https:\\\/\\\/mycautionloyer.ch\\\/de\\\/\",\"logo\":{\"@type\":\"ImageObject\",\"inLanguage\":\"de\",\"@id\":\"https:\\\/\\\/mycautionloyer.ch\\\/de\\\/#\\\/schema\\\/logo\\\/image\\\/\",\"url\":\"https:\\\/\\\/mycautionloyer.ch\\\/wp-content\\\/uploads\\\/2022\\\/09\\\/logo-my-caution-loyer-carre.png\",\"contentUrl\":\"https:\\\/\\\/mycautionloyer.ch\\\/wp-content\\\/uploads\\\/2022\\\/09\\\/logo-my-caution-loyer-carre.png\",\"width\":836,\"height\":836,\"caption\":\"My Caution Loyer\"},\"image\":{\"@id\":\"https:\\\/\\\/mycautionloyer.ch\\\/de\\\/#\\\/schema\\\/logo\\\/image\\\/\"}}]}<\/script>\n<!-- \/ Yoast SEO plugin. -->","yoast_head_json":{"title":"Kontaktieren Sie My Caution Loyer - Mietkaution in der Schweiz","description":"Seit 2018 begleitet MyCautionLoyer seine Mitb\u00fcrgerinnen und Mitb\u00fcrger, indem es ihnen die besten Angebote f\u00fcr ihre Mietkaution anbietet.","robots":{"index":"index","follow":"follow","max-snippet":"max-snippet:-1","max-image-preview":"max-image-preview:large","max-video-preview":"max-video-preview:-1"},"canonical":"https:\/\/mycautionloyer.ch\/de\/kontakt\/","og_locale":"de_DE","og_type":"article","og_title":"Kontaktieren Sie My Caution Loyer - Mietkaution in der Schweiz","og_description":"Seit 2018 begleitet MyCautionLoyer seine Mitb\u00fcrgerinnen und Mitb\u00fcrger, indem es ihnen die besten Angebote f\u00fcr ihre Mietkaution anbietet.","og_url":"https:\/\/mycautionloyer.ch\/de\/kontakt\/","og_site_name":"Calcul de garantie de loyer","article_modified_time":"2025-01-21T07:05:01+00:00","twitter_card":"summary_large_image","twitter_misc":{"Gesch\u00e4tzte Lesezeit":"10\u00a0Minuten"},"schema":{"@context":"https:\/\/schema.org","@graph":[{"@type":"WebPage","@id":"https:\/\/mycautionloyer.ch\/de\/kontakt\/","url":"https:\/\/mycautionloyer.ch\/de\/kontakt\/","name":"Kontaktieren Sie My Caution Loyer - Mietkaution in der Schweiz","isPartOf":{"@id":"https:\/\/mycautionloyer.ch\/de\/#website"},"datePublished":"2022-08-31T20:03:22+00:00","dateModified":"2025-01-21T07:05:01+00:00","description":"Seit 2018 begleitet MyCautionLoyer seine Mitb\u00fcrgerinnen und Mitb\u00fcrger, indem es ihnen die besten Angebote f\u00fcr ihre Mietkaution anbietet.","breadcrumb":{"@id":"https:\/\/mycautionloyer.ch\/de\/kontakt\/#breadcrumb"},"inLanguage":"de","potentialAction":[{"@type":"ReadAction","target":["https:\/\/mycautionloyer.ch\/de\/kontakt\/"]}]},{"@type":"BreadcrumbList","@id":"https:\/\/mycautionloyer.ch\/de\/kontakt\/#breadcrumb","itemListElement":[{"@type":"ListItem","position":1,"name":"Accueil","item":"https:\/\/mycautionloyer.ch\/de\/startseite\/"},{"@type":"ListItem","position":2,"name":"Kontakt"}]},{"@type":"WebSite","@id":"https:\/\/mycautionloyer.ch\/de\/#website","url":"https:\/\/mycautionloyer.ch\/de\/","name":"Calcul de garantie de loyer","description":"","publisher":{"@id":"https:\/\/mycautionloyer.ch\/de\/#organization"},"potentialAction":[{"@type":"SearchAction","target":{"@type":"EntryPoint","urlTemplate":"https:\/\/mycautionloyer.ch\/de\/?s={search_term_string}"},"query-input":{"@type":"PropertyValueSpecification","valueRequired":true,"valueName":"search_term_string"}}],"inLanguage":"de"},{"@type":"Organization","@id":"https:\/\/mycautionloyer.ch\/de\/#organization","name":"My Caution Loyer","url":"https:\/\/mycautionloyer.ch\/de\/","logo":{"@type":"ImageObject","inLanguage":"de","@id":"https:\/\/mycautionloyer.ch\/de\/#\/schema\/logo\/image\/","url":"https:\/\/mycautionloyer.ch\/wp-content\/uploads\/2022\/09\/logo-my-caution-loyer-carre.png","contentUrl":"https:\/\/mycautionloyer.ch\/wp-content\/uploads\/2022\/09\/logo-my-caution-loyer-carre.png","width":836,"height":836,"caption":"My Caution Loyer"},"image":{"@id":"https:\/\/mycautionloyer.ch\/de\/#\/schema\/logo\/image\/"}}]}},"_links":{"self":[{"href":"https:\/\/mycautionloyer.ch\/de\/wp-json\/wp\/v2\/pages\/1595","targetHints":{"allow":["GET"]}}],"collection":[{"href":"https:\/\/mycautionloyer.ch\/de\/wp-json\/wp\/v2\/pages"}],"about":[{"href":"https:\/\/mycautionloyer.ch\/de\/wp-json\/wp\/v2\/types\/page"}],"author":[{"embeddable":true,"href":"https:\/\/mycautionloyer.ch\/de\/wp-json\/wp\/v2\/users\/1"}],"replies":[{"embeddable":true,"href":"https:\/\/mycautionloyer.ch\/de\/wp-json\/wp\/v2\/comments?post=1595"}],"version-history":[{"count":18,"href":"https:\/\/mycautionloyer.ch\/de\/wp-json\/wp\/v2\/pages\/1595\/revisions"}],"predecessor-version":[{"id":6628,"href":"https:\/\/mycautionloyer.ch\/de\/wp-json\/wp\/v2\/pages\/1595\/revisions\/6628"}],"wp:attachment":[{"href":"https:\/\/mycautionloyer.ch\/de\/wp-json\/wp\/v2\/media?parent=1595"}],"curies":[{"name":"wp","href":"https:\/\/api.w.org\/{rel}","templated":true}]}}